{"id":2229,"date":"2017-03-14T07:37:09","date_gmt":"2017-03-14T07:37:09","guid":{"rendered":"http:\/\/localhost\/unero\/?page_id=2229"},"modified":"2017-03-14T07:37:09","modified_gmt":"2017-03-14T07:37:09","slug":"kontakti","status":"publish","type":"page","link":"https:\/\/marimetals.lv\/en\/kontakti\/","title":{"rendered":"Kontakti"},"content":{"rendered":"<div class=\"vc_row wpb_row vc_row-fluid\"><div class=\"container\"><div class=\"row\"><div class=\"wpb_column vc_column_container vc_col-sm-6 vc_col-lg-3 vc_col-md-6 vc_col-xs-12\"><div class=\"vc_column-inner vc_custom_1551254331509\"><div class=\"wpb_wrapper\"><div class=\"unero-icon-box\">\r\n\t\t\t\t<div class=\"b-icon\"><span class=\"fa fa-phone\"><\/span><\/div><div class=\"b-title\">T\u0101lrunis<\/div><div class=\"b-content\"><p><a href=\"tel: 371 26305483\">+371 26305483<\/a><br \/>\n<a href=\"tel: 371 29440592\">+371 29440592<\/a><\/p>\n<\/div>\r\n\t\t\t<\/div><\/div><\/div><\/div><div class=\"wpb_column vc_column_container vc_col-sm-6 vc_col-lg-3 vc_col-md-6 vc_col-xs-12\"><div class=\"vc_column-inner vc_custom_1551254349292\"><div class=\"wpb_wrapper\"><div class=\"unero-icon-box\">\r\n\t\t\t\t<div class=\"b-icon\"><span class=\"fa fa-map-marker\"><\/span><\/div><div class=\"b-title\">Adrese<\/div><div class=\"b-content\"><p>Veikals &#8211; noliktava: Ik\u0161\u0137iles iela 4-3, Ogre<\/p>\n<p>(biju\u0161\u0101 Ogres Trikot\u0101\u017eas kombin\u0101ta teritorija)<\/p>\n<\/div>\r\n\t\t\t<\/div><div class=\"vc_empty_space  no-margin-mobile vc_custom_1556907877494\"   style=\"height: 5px\" ><span class=\"vc_empty_space_inner\"><\/span><\/div>\n<div class=\"vc_btn3-container vc_btn3-center\" >\n\t<a class=\"vc_general vc_btn3 vc_btn3-size-md vc_btn3-shape-rounded vc_btn3-style-modern vc_btn3-block vc_btn3-icon-left vc_btn3-color-primary\" href=\"https:\/\/www.google.co.uk\/maps?t=m&f=d&saddr=Current+Location&daddr=56.8220,24.5645\" title=\"\" target=\"_blank\"><i class=\"vc_btn3-icon fa fa-location-arrow\"><\/i> Sa\u0146emt nor\u0101des<\/a><\/div>\n<\/div><\/div><\/div><div class=\"wpb_column vc_column_container vc_col-sm-6 vc_col-lg-3 vc_col-md-6 vc_col-xs-12\"><div class=\"vc_column-inner vc_custom_1551254366262\"><div class=\"wpb_wrapper\"><div class=\"unero-icon-box\">\r\n\t\t\t\t<div class=\"b-icon\"><span class=\"fa fa-clock-o\"><\/span><\/div><div class=\"b-title\">Darba laiks<\/div><div class=\"b-content\"><p>Darba laiks: P., O., T., C., P., S.: p\u0113c piepras\u012bjuma (l\u016bgums pirms brauk\u0161anas piezvan\u012bt un vienoties par laikiem)<\/p>\n<\/div>\r\n\t\t\t<\/div><\/div><\/div><\/div><div class=\"wpb_column vc_column_container vc_col-sm-6 vc_col-lg-3 vc_col-md-6 vc_col-xs-12\"><div class=\"vc_column-inner\"><div class=\"wpb_wrapper\"><div class=\"unero-icon-box\">\r\n\t\t\t\t<div class=\"b-icon\"><span class=\"fa fa-envelope\"><\/span><\/div><div class=\"b-title\">Epasts<\/div><div class=\"b-content\"><p><a href=\"mailto:info@setasunvarti.com\">info@setasunvarti.com<\/a> &#8211; Met\u0101lmateri\u0101li<\/p>\n<p><a href=\"mailto:info@setasunvarti.com\">info@setasunvarti.com<\/a> &#8211; S\u0113tas\/\u017eogi un v\u0101rti<\/p>\n<\/div>\r\n\t\t\t<\/div><\/div><\/div><\/div><\/div><\/div><\/div><div class=\"vc_row wpb_row vc_row-fluid\"><div class=\"container\"><div class=\"row\"><div class=\"wpb_column vc_column_container vc_col-sm-12\"><div class=\"vc_column-inner\"><div class=\"wpb_wrapper\"><div class=\"vc_empty_space  no-margin-mobile vc_custom_1492670636691\"   style=\"height: 60px\" ><span class=\"vc_empty_space_inner\"><\/span><\/div>\n<\/div><\/div><\/div><\/div><\/div><\/div><div class=\"vc_row wpb_row vc_row-fluid\"><div class=\"container\"><div class=\"row\"><div class=\"wpb_column vc_column_container vc_col-sm-8\"><div class=\"vc_column-inner\"><div class=\"wpb_wrapper\"><div class=\"wpb_gmaps_widget wpb_content_element\" >\n\t\t<div class=\"wpb_wrapper\">\n\t\t<div class=\"wpb_map_wraper\">\n\t\t\t<iframe loading=\"lazy\" src=\"https:\/\/www.google.com\/maps\/embed?pb=!1m18!1m12!1m3!1d2183.393981247019!2d24.566000651486092!3d56.822029716392876!2m3!1f0!2f0!3f0!3m2!1i1024!2i768!4f13.1!3m3!1m2!1s0x46e92f8d7b97369d%3A0x75c18fcfbdc6ce2f!2zSWvFocS3aWxlcyBpZWxhIDQsIE9ncmUsIE9ncmVzIHBpbHPEk3RhLCBMVi01MDAx!5e0!3m2!1sru!2slv!4v1551253400474\" width=\"600\" height=\"450\" frameborder=\"0\" style=\"border:0\" allowfullscreen><\/iframe>\t\t<\/div>\n\t<\/div>\n<\/div>\n<\/div><\/div><\/div><div class=\"wpb_column vc_column_container vc_col-sm-4\"><div class=\"vc_column-inner\"><div class=\"wpb_wrapper\"><div class=\"unero-section-title\"><h2 class=\"title\">Rekviz\u012bti<\/h2><\/div>\n\t<div class=\"wpb_text_column wpb_content_element\" >\n\t\t<div class=\"wpb_wrapper\">\n\t\t\t<p style=\"text-align: center;\"><strong>SIA \u201cMARI Met\u0101ls\u201d<\/strong><br \/>\nVRN.40103984019<br \/>\nPVN nr.LV40103984019<br \/>\nJurid.adrese: \u201cIetekas\u201d, T\u012bn\u016b\u017eu pagasts,<br \/>\nIk\u0161\u0137iles nov., LV 5015<br \/>\nNor\u0113\u0137inu rekviz\u012bti:<br \/>\nAS Citadele Banka<br \/>\nPARXLV22<br \/>\nKonta nr. LV75 PARX 00170 2932 0001<\/p>\n\n\t\t<\/div>\n\t<\/div>\n<\/div><\/div><\/div><\/div><\/div><\/div>","protected":false},"excerpt":{"rendered":"T\u0101lrunis+371 26305483 +371 29440592 AdreseVeikals - noliktava: Ik\u0161\u0137iles iela 4-3, Ogre (biju\u0161\u0101 Ogres Trikot\u0101\u017eas kombin\u0101ta teritorija) Sa\u0146emt nor\u0101des Darba laiksDarba laiks: P., O., T., C., P., S.: p\u0113c piepras\u012bjuma (l\u016bgums&hellip;","protected":false},"author":3,"featured_media":0,"parent":0,"menu_order":0,"comment_status":"closed","ping_status":"closed","template":"","meta":{"footnotes":""},"class_list":["post-2229","page","type-page","status-publish","hentry"],"aioseo_notices":[],"_links":{"self":[{"href":"https:\/\/marimetals.lv\/en\/wp-json\/wp\/v2\/pages\/2229","targetHints":{"allow":["GET"]}}],"collection":[{"href":"https:\/\/marimetals.lv\/en\/wp-json\/wp\/v2\/pages"}],"about":[{"href":"https:\/\/marimetals.lv\/en\/wp-json\/wp\/v2\/types\/page"}],"author":[{"embeddable":true,"href":"https:\/\/marimetals.lv\/en\/wp-json\/wp\/v2\/users\/3"}],"replies":[{"embeddable":true,"href":"https:\/\/marimetals.lv\/en\/wp-json\/wp\/v2\/comments?post=2229"}],"version-history":[{"count":0,"href":"https:\/\/marimetals.lv\/en\/wp-json\/wp\/v2\/pages\/2229\/revisions"}],"wp:attachment":[{"href":"https:\/\/marimetals.lv\/en\/wp-json\/wp\/v2\/media?parent=2229"}],"curies":[{"name":"wp","href":"https:\/\/api.w.org\/{rel}","templated":true}]}}