{"id":3139,"date":"2019-02-27T07:16:10","date_gmt":"2019-02-27T07:16:10","guid":{"rendered":"http:\/\/marimetals.lv\/?page_id=3139"},"modified":"2019-02-27T07:16:10","modified_gmt":"2019-02-27T07:16:10","slug":"laba-cena","status":"publish","type":"page","link":"https:\/\/marimetals.lv\/en\/laba-cena\/","title":{"rendered":"Laba cena"},"content":{"rendered":"<p style=\"text-align: center\"><span style=\"color: #339966;font-size: 12pt\"><b>Aktu\u0101lais pied\u0101v\u0101jums<\/b><\/span><\/p>\n<p>Inform\u0101cija sekos<\/p>\n<p>&nbsp;<\/p>\n<p>&nbsp;<\/p>\n<p style=\"text-align: center\">","protected":false},"excerpt":{"rendered":"<p>Aktu\u0101lais pied\u0101v\u0101jums Inform\u0101cija sekos &nbsp; &nbsp;<\/p>","protected":false},"author":3,"featured_media":0,"parent":0,"menu_order":0,"comment_status":"closed","ping_status":"closed","template":"","meta":{"footnotes":""},"class_list":["post-3139","page","type-page","status-publish","hentry"],"aioseo_notices":[],"_links":{"self":[{"href":"https:\/\/marimetals.lv\/en\/wp-json\/wp\/v2\/pages\/3139","targetHints":{"allow":["GET"]}}],"collection":[{"href":"https:\/\/marimetals.lv\/en\/wp-json\/wp\/v2\/pages"}],"about":[{"href":"https:\/\/marimetals.lv\/en\/wp-json\/wp\/v2\/types\/page"}],"author":[{"embeddable":true,"href":"https:\/\/marimetals.lv\/en\/wp-json\/wp\/v2\/users\/3"}],"replies":[{"embeddable":true,"href":"https:\/\/marimetals.lv\/en\/wp-json\/wp\/v2\/comments?post=3139"}],"version-history":[{"count":0,"href":"https:\/\/marimetals.lv\/en\/wp-json\/wp\/v2\/pages\/3139\/revisions"}],"wp:attachment":[{"href":"https:\/\/marimetals.lv\/en\/wp-json\/wp\/v2\/media?parent=3139"}],"curies":[{"name":"wp","href":"https:\/\/api.w.org\/{rel}","templated":true}]}}