{"id":4798,"date":"2025-01-31T12:01:57","date_gmt":"2025-01-31T12:01:57","guid":{"rendered":"https:\/\/marimetals.reinisp.id.lv\/?post_type=product&#038;p=4798"},"modified":"2025-01-31T12:02:03","modified_gmt":"2025-01-31T12:02:03","slug":"metalapstrade","status":"publish","type":"product","link":"https:\/\/marimetals.lv\/en\/produkts\/metalapstrade\/","title":{"rendered":"Met\u0101lapstr\u0101de"},"content":{"rendered":"<p>Pied\u0101v\u0101jam<\/p>\n<p>-ieg\u0101d\u0101to met\u0101lmateri\u0101lu\u00a0<strong>garin\u0101\u0161anu<\/strong>\u00a0p\u0113c izm\u0113riem gan ar fleksi, gan ar lentz\u0101\u0123i<\/p>\n<p>Cenas met\u0101la griez\u0161anai atkar\u012bgas no materi\u0101la diametra un sienas biezuma. S\u0101kot no 0.25EUR l\u012bdz 3.00EUR par griezienu.<\/p>\n<p>-meln\u0101 met\u0101la izstr\u0101d\u0101jumu un konstrukciju<strong>\u00a0metin\u0101\u0161anu<\/strong>\u00a0(p\u0113c pas\u016bt\u012bjuma). Cena tiek apr\u0113\u0137in\u0101ta individu\u0101li.<\/p>\n<p>-gatavo met\u0101lizstr\u0101d\u0101jumu un konstrukciju <strong>pulverkr\u0101so\u0161anu<\/strong> (garums lidz 12m).<\/p>","protected":false},"excerpt":{"rendered":"<p>Pied\u0101v\u0101jam -ieg\u0101d\u0101to met\u0101lmateri\u0101lu\u00a0garin\u0101\u0161anu\u00a0p\u0113c izm\u0113riem gan ar fleksi, gan ar lentz\u0101\u0123i Cenas met\u0101la griez\u0161anai atkar\u012bgas no materi\u0101la diametra un sienas biezuma. S\u0101kot no 0.25EUR l\u012bdz 3.00EUR par griezienu. -meln\u0101 met\u0101la izstr\u0101d\u0101jumu&hellip;<\/p>","protected":false},"featured_media":4828,"comment_status":"closed","ping_status":"closed","template":"","meta":[],"product_brand":[],"product_cat":[23],"product_tag":[],"class_list":{"0":"post-4798","1":"product","2":"type-product","3":"status-publish","4":"has-post-thumbnail","6":"product_cat-pakalpojumi","8":"first","9":"instock","10":"shipping-taxable","11":"product-type-simple"},"aioseo_notices":[],"_links":{"self":[{"href":"https:\/\/marimetals.lv\/en\/wp-json\/wp\/v2\/product\/4798","targetHints":{"allow":["GET"]}}],"collection":[{"href":"https:\/\/marimetals.lv\/en\/wp-json\/wp\/v2\/product"}],"about":[{"href":"https:\/\/marimetals.lv\/en\/wp-json\/wp\/v2\/types\/product"}],"replies":[{"embeddable":true,"href":"https:\/\/marimetals.lv\/en\/wp-json\/wp\/v2\/comments?post=4798"}],"wp:featuredmedia":[{"embeddable":true,"href":"https:\/\/marimetals.lv\/en\/wp-json\/wp\/v2\/media\/4828"}],"wp:attachment":[{"href":"https:\/\/marimetals.lv\/en\/wp-json\/wp\/v2\/media?parent=4798"}],"wp:term":[{"taxonomy":"product_brand","embeddable":true,"href":"https:\/\/marimetals.lv\/en\/wp-json\/wp\/v2\/product_brand?post=4798"},{"taxonomy":"product_cat","embeddable":true,"href":"https:\/\/marimetals.lv\/en\/wp-json\/wp\/v2\/product_cat?post=4798"},{"taxonomy":"product_tag","embeddable":true,"href":"https:\/\/marimetals.lv\/en\/wp-json\/wp\/v2\/product_tag?post=4798"}],"curies":[{"name":"wp","href":"https:\/\/api.w.org\/{rel}","templated":true}]}}