{"id":4799,"date":"2025-01-31T12:01:58","date_gmt":"2025-01-31T12:01:58","guid":{"rendered":"https:\/\/marimetals.reinisp.id.lv\/?post_type=product&#038;p=4799"},"modified":"2025-01-31T12:02:08","modified_gmt":"2025-01-31T12:02:08","slug":"kvadratcaurules","status":"publish","type":"product","link":"https:\/\/marimetals.lv\/en\/produkts\/kvadratcaurules\/","title":{"rendered":"Kvadr\u0101tcaurules"},"content":{"rendered":"<p><span style=\"color: #000000\">Visi tabul\u0101 redzamie materi\u0101li, kam nor\u0101d\u012bta cena, pieejami uz vietas noliktav\u0101\u00a0 jau \u0161odien. Liel\u0101kiem daudzumiem piem\u0113rojam atlaides. <\/span><span style=\"color: #000000\">Par pieejamiem daudzumiem un citiem izm\u0113riem interes\u0113ties pa tel.26305483, kontaktu form\u0101 vai pa e-pastu info@setasunvarti.com<\/span><\/p>\n<table class=\"aligncenter\" style=\"height: 746px;width: 65.8187%\" width=\"544\" cellspacing=\"120\" cellpadding=\"25\">\n<tbody>\n<tr style=\"height: 10px\">\n<td style=\"vertical-align: top;width: 24.5872%;height: 20px\"><span style=\"font-size: 10pt;color: #000000\"><em>Izm\u0113ri, mm<\/em><\/span><\/td>\n<td style=\"vertical-align: top;width: 19.8165%;height: 20px\"><span style=\"font-size: 10pt;color: #000000\"><em>Garums, mm<\/em><\/span><\/td>\n<td style=\"vertical-align: top;width: 16.1468%;height: 20px\"><span style=\"font-size: 10pt;color: #000000\"><em>Marka<\/em><\/span><\/td>\n<td style=\"vertical-align: top;width: 19.0826%;height: 20px\"><span style=\"font-size: 10pt;color: #000000\"><em>Cena par 1m ar PVN<\/em><\/span><\/td>\n<td style=\"vertical-align: top;width: 19.633%;height: 20px\"><span style=\"font-size: 10pt;color: #000000\"><em>Cena par 1m bez PVN<\/em><\/span><\/td>\n<\/tr>\n<tr style=\"height: 20px\">\n<td style=\"width: 24.5872%;height: 20px;text-align: center\"><span style=\"color: #000000;font-size: 10pt\">15x15x1.5<\/span><\/td>\n<td style=\"width: 19.8165%;height: 20px;text-align: center\"><span style=\"color: #000000;font-size: 10pt\">6000<\/span><\/td>\n<td style=\"width: 16.1468%;height: 20px;text-align: center\"><span style=\"color: #000000;font-size: 10pt\">S235<\/span><\/td>\n<td style=\"width: 19.0826%;height: 20px;text-align: center\"><\/td>\n<td style=\"width: 19.633%;height: 20px;text-align: center\"><\/td>\n<\/tr>\n<tr style=\"height: 20px\">\n<td style=\"width: 24.5872%;height: 20px;text-align: center\"><span style=\"color: #000000;font-size: 10pt\">20x20x2.0<\/span><\/td>\n<td style=\"width: 19.8165%;height: 20px;text-align: center\"><span style=\"color: #000000;font-size: 10pt\">6000<\/span><\/td>\n<td style=\"width: 16.1468%;height: 20px;text-align: center\"><span style=\"color: #000000;font-size: 10pt\">S235<\/span><\/td>\n<td style=\"width: 19.0826%;height: 20px;text-align: center\"><span style=\"color: #000000;font-size: 10pt\">2.05<\/span><\/td>\n<td style=\"width: 19.633%;height: 20px;text-align: center\"><span style=\"color: #000000;font-size: 10pt\">1.69<\/span><\/td>\n<\/tr>\n<tr style=\"height: 20px\">\n<td style=\"width: 24.5872%;height: 20px;text-align: center\"><span style=\"color: #000000;font-size: 10pt\">25x25x2.0<\/span><\/td>\n<td style=\"width: 19.8165%;height: 20px;text-align: center\"><span style=\"color: #000000;font-size: 10pt\">6000<\/span><\/td>\n<td style=\"width: 16.1468%;height: 20px;text-align: center\"><span style=\"color: #000000;font-size: 10pt\">S235<\/span><\/td>\n<td style=\"width: 19.0826%;height: 20px;text-align: center\"><\/td>\n<td style=\"width: 19.633%;height: 20px;text-align: center\"><\/td>\n<\/tr>\n<tr style=\"height: 20px\">\n<td style=\"width: 24.5872%;height: 20px;text-align: center\"><span style=\"color: #000000;font-size: 10pt\">30x30x2.0<\/span><\/td>\n<td style=\"width: 19.8165%;height: 20px;text-align: center\"><span style=\"color: #000000;font-size: 10pt\">6000<\/span><\/td>\n<td style=\"width: 16.1468%;height: 20px;text-align: center\"><span style=\"color: #000000;font-size: 10pt\">S235<\/span><\/td>\n<td style=\"width: 19.0826%;height: 20px;text-align: center\"><span style=\"color: #000000;font-size: 10pt\">3.00<\/span><\/td>\n<td style=\"width: 19.633%;height: 20px;text-align: center\"><span style=\"color: #000000;font-size: 10pt\">2.48<\/span><\/td>\n<\/tr>\n<tr style=\"height: 20px\">\n<td style=\"width: 24.5872%;height: 20px;text-align: center\"><span style=\"color: #000000;font-size: 10pt\">30x30x3.0<\/span><\/td>\n<td style=\"width: 19.8165%;height: 20px;text-align: center\"><span style=\"color: #000000;font-size: 10pt\">6000<\/span><\/td>\n<td style=\"width: 16.1468%;height: 20px;text-align: center\"><span style=\"color: #000000;font-size: 10pt\">S235<\/span><\/td>\n<td style=\"width: 19.0826%;height: 20px;text-align: center\"><span style=\"color: #000000;font-size: 10pt\">3.90<\/span><\/td>\n<td style=\"width: 19.633%;height: 20px;text-align: center\"><span style=\"color: #000000;font-size: 10pt\">3.22<\/span><\/td>\n<\/tr>\n<tr style=\"height: 20px\">\n<td style=\"width: 24.5872%;height: 20px;text-align: center\"><span style=\"color: #000000;font-size: 10pt\">40x40x1.5<\/span><\/td>\n<td style=\"width: 19.8165%;height: 20px;text-align: center\"><span style=\"color: #000000;font-size: 10pt\">6000<\/span><\/td>\n<td style=\"width: 16.1468%;height: 20px;text-align: center\"><span style=\"color: #000000;font-size: 10pt\">S235<\/span><\/td>\n<td style=\"width: 19.0826%;height: 20px;text-align: center\"><span style=\"font-size: 10pt\"><span style=\"color: #000000\">3,2<\/span><span style=\"color: #000000\">5<\/span><\/span><\/td>\n<td style=\"width: 19.633%;height: 20px;text-align: center\"><span style=\"font-size: 10pt\"><span style=\"color: #000000\">2,69<\/span><\/span><\/td>\n<\/tr>\n<tr style=\"height: 20px\">\n<td style=\"width: 24.5872%;height: 20px;text-align: center\"><span style=\"color: #000000;font-size: 10pt\">40x40x2.0<\/span><\/td>\n<td style=\"width: 19.8165%;height: 20px;text-align: center\"><span style=\"color: #000000;font-size: 10pt\">6000<\/span><\/td>\n<td style=\"width: 16.1468%;height: 20px;text-align: center\"><span style=\"color: #000000;font-size: 10pt\">S235<\/span><\/td>\n<td style=\"width: 19.0826%;height: 20px;text-align: center\"><span style=\"color: #000000;font-size: 10pt\">3.75<\/span><\/td>\n<td style=\"width: 19.633%;height: 20px;text-align: center\"><span style=\"color: #000000;font-size: 10pt\">3.10<\/span><\/td>\n<\/tr>\n<tr style=\"height: 20px\">\n<td style=\"width: 24.5872%;height: 20px;text-align: center\"><span style=\"color: #000000;font-size: 10pt\">40x40x3.0<\/span><\/td>\n<td style=\"width: 19.8165%;height: 20px;text-align: center\"><span style=\"color: #000000;font-size: 10pt\">6000<\/span><\/td>\n<td style=\"width: 16.1468%;height: 20px;text-align: center\"><span style=\"color: #000000;font-size: 10pt\">S235<\/span><\/td>\n<td style=\"width: 19.0826%;height: 20px;text-align: center\"><span style=\"color: #000000;font-size: 10pt\">4.90<\/span><\/td>\n<td style=\"width: 19.633%;height: 20px;text-align: center\"><span style=\"color: #000000;font-size: 10pt\">4,05<\/span><\/td>\n<\/tr>\n<tr>\n<td style=\"width: 24.5872%;text-align: center\"><span style=\"color: #000000;font-size: 10pt\">45x45x2.0<\/span><\/td>\n<td style=\"width: 19.8165%;text-align: center\"><span style=\"color: #000000;font-size: 10pt\">6000<\/span><\/td>\n<td style=\"width: 16.1468%;text-align: center\"><span style=\"color: #000000;font-size: 10pt\">S235<\/span><\/td>\n<td style=\"width: 19.0826%;text-align: center\"><span style=\"color: #000000;font-size: 10pt\">4.30<\/span><\/td>\n<td style=\"width: 19.633%;text-align: center\"><span style=\"color: #000000;font-size: 10pt\">3.55<\/span><\/td>\n<\/tr>\n<tr style=\"height: 20px\">\n<td style=\"width: 24.5872%;height: 20px;text-align: center\"><span style=\"color: #000000;font-size: 10pt\">50x50x2.0<\/span><\/td>\n<td style=\"width: 19.8165%;height: 20px;text-align: center\"><span style=\"color: #000000;font-size: 10pt\">6000<\/span><\/td>\n<td style=\"width: 16.1468%;height: 20px;text-align: center\"><span style=\"color: #000000;font-size: 10pt\">S235<\/span><\/td>\n<td style=\"width: 19.0826%;height: 20px;text-align: center\"><\/td>\n<td style=\"width: 19.633%;height: 20px;text-align: center\"><\/td>\n<\/tr>\n<tr style=\"height: 22px\">\n<td style=\"width: 24.5872%;height: 20px;text-align: center\"><span style=\"color: #000000;font-size: 10pt\">50x50x3.0<\/span><\/td>\n<td style=\"width: 19.8165%;height: 20px;text-align: center\"><span style=\"color: #000000;font-size: 10pt\">6000<\/span><\/td>\n<td style=\"width: 16.1468%;height: 20px;text-align: center\"><span style=\"color: #000000;font-size: 10pt\">S235<\/span><\/td>\n<td style=\"width: 19.0826%;height: 20px;text-align: center\"><\/td>\n<td style=\"width: 19.633%;height: 20px;text-align: center\"><\/td>\n<\/tr>\n<tr style=\"height: 22px\">\n<td style=\"width: 24.5872%;height: 25px;text-align: center\"><span style=\"color: #000000;font-size: 10pt\">60x60x2.0<\/span><\/td>\n<td style=\"width: 19.8165%;height: 25px;text-align: center\"><span style=\"color: #000000;font-size: 10pt\">6000<\/span><\/td>\n<td style=\"width: 16.1468%;height: 25px;text-align: center\"><span style=\"color: #000000;font-size: 10pt\">S235<\/span><\/td>\n<td style=\"width: 19.0826%;height: 25px;text-align: center\"><span style=\"color: #000000;font-size: 10pt\">6.00<\/span><\/td>\n<td style=\"width: 19.633%;height: 25px;text-align: center\"><span style=\"color: #000000;font-size: 10pt\">4.95<\/span><\/td>\n<\/tr>\n<tr style=\"height: 22px\">\n<td style=\"width: 24.5872%;height: 25px;text-align: center\"><span style=\"color: #000000;font-size: 10pt\">60x60x3.0<\/span><\/td>\n<td style=\"width: 19.8165%;height: 25px;text-align: center\"><span style=\"color: #000000;font-size: 10pt\">6000<\/span><\/td>\n<td style=\"width: 16.1468%;height: 25px;text-align: center\"><span style=\"color: #000000;font-size: 10pt\">S235<\/span><\/td>\n<td style=\"width: 19.0826%;height: 25px;text-align: center\"><\/td>\n<td style=\"width: 19.633%;height: 25px;text-align: center\"><\/td>\n<\/tr>\n<tr style=\"height: 22px\">\n<td style=\"width: 24.5872%;height: 25px;text-align: center\"><span style=\"color: #000000;font-size: 10pt\">80x80x2.0<\/span><\/td>\n<td style=\"width: 19.8165%;height: 25px;text-align: center\"><span style=\"color: #000000;font-size: 10pt\">6000<\/span><\/td>\n<td style=\"width: 16.1468%;height: 25px;text-align: center\"><span style=\"color: #000000;font-size: 10pt\">S235<\/span><\/td>\n<td style=\"width: 19.0826%;height: 25px;text-align: center\"><span style=\"color: #000000;font-size: 10pt\">7.00<\/span><\/td>\n<td style=\"width: 19.633%;height: 25px;text-align: center\"><span style=\"color: #000000;font-size: 10pt\">5.79<\/span><\/td>\n<\/tr>\n<tr style=\"height: 22px\">\n<td style=\"width: 24.5872%;height: 25px;text-align: center\"><span style=\"color: #000000;font-size: 10pt\">80x80x3.0<\/span><\/td>\n<td style=\"width: 19.8165%;height: 25px;text-align: center\"><span style=\"color: #000000;font-size: 10pt\">6000<\/span><\/td>\n<td style=\"width: 16.1468%;height: 25px;text-align: center\"><span style=\"color: #000000;font-size: 10pt\">S235<\/span><\/td>\n<td style=\"width: 19.0826%;height: 25px;text-align: center\"><span style=\"color: #000000;font-size: 10pt\">10.00<\/span><\/td>\n<td style=\"width: 19.633%;height: 25px;text-align: center\"><span style=\"color: #000000;font-size: 10pt\">8.26<\/span><\/td>\n<\/tr>\n<tr>\n<td style=\"width: 24.5872%;text-align: center\"><span style=\"color: #000000;font-size: 10pt\">100x100x2.0<\/span><\/td>\n<td style=\"width: 19.8165%;text-align: center\"><span style=\"color: #000000;font-size: 10pt\">6000<\/span><\/td>\n<td style=\"width: 16.1468%;text-align: center\"><span style=\"color: #000000;font-size: 10pt\">S235<\/span><\/td>\n<td style=\"width: 19.0826%;text-align: center\"><span style=\"color: #000000;font-size: 10pt\">10.40<\/span><\/td>\n<td style=\"width: 19.633%;text-align: center\"><span style=\"color: #000000;font-size: 10pt\">8.60<\/span><\/td>\n<\/tr>\n<tr style=\"height: 22px\">\n<td style=\"width: 24.5872%;height: 25px;text-align: center\"><span style=\"color: #000000;font-size: 10pt\">100x100x3.0<\/span><\/td>\n<td style=\"width: 19.8165%;height: 25px;text-align: center\"><span style=\"color: #000000;font-size: 10pt\">6000<\/span><\/td>\n<td style=\"width: 16.1468%;height: 25px;text-align: center\"><span style=\"color: #000000;font-size: 10pt\">S235<\/span><\/td>\n<td style=\"width: 19.0826%;height: 25px;text-align: center\"><span style=\"color: #000000;font-size: 10pt\">13.30<\/span><\/td>\n<td style=\"width: 19.633%;height: 25px;text-align: center\"><span style=\"color: #000000;font-size: 10pt\">10.99<\/span><\/td>\n<\/tr>\n<\/tbody>\n<\/table>","protected":false},"excerpt":{"rendered":"<p>Visi tabul\u0101 redzamie materi\u0101li, kam nor\u0101d\u012bta cena, pieejami uz vietas noliktav\u0101\u00a0 jau \u0161odien. Liel\u0101kiem daudzumiem piem\u0113rojam atlaides. Par pieejamiem daudzumiem un citiem izm\u0113riem interes\u0113ties pa tel.26305483, kontaktu form\u0101 vai pa&hellip;<\/p>","protected":false},"featured_media":4829,"comment_status":"closed","ping_status":"closed","template":"","meta":[],"product_brand":[],"product_cat":[24],"product_tag":[],"class_list":{"0":"post-4799","1":"product","2":"type-product","3":"status-publish","4":"has-post-thumbnail","6":"product_cat-metalmateriali","8":"first","9":"instock","10":"shipping-taxable","11":"product-type-simple"},"aioseo_notices":[],"_links":{"self":[{"href":"https:\/\/marimetals.lv\/en\/wp-json\/wp\/v2\/product\/4799","targetHints":{"allow":["GET"]}}],"collection":[{"href":"https:\/\/marimetals.lv\/en\/wp-json\/wp\/v2\/product"}],"about":[{"href":"https:\/\/marimetals.lv\/en\/wp-json\/wp\/v2\/types\/product"}],"replies":[{"embeddable":true,"href":"https:\/\/marimetals.lv\/en\/wp-json\/wp\/v2\/comments?post=4799"}],"wp:featuredmedia":[{"embeddable":true,"href":"https:\/\/marimetals.lv\/en\/wp-json\/wp\/v2\/media\/4829"}],"wp:attachment":[{"href":"https:\/\/marimetals.lv\/en\/wp-json\/wp\/v2\/media?parent=4799"}],"wp:term":[{"taxonomy":"product_brand","embeddable":true,"href":"https:\/\/marimetals.lv\/en\/wp-json\/wp\/v2\/product_brand?post=4799"},{"taxonomy":"product_cat","embeddable":true,"href":"https:\/\/marimetals.lv\/en\/wp-json\/wp\/v2\/product_cat?post=4799"},{"taxonomy":"product_tag","embeddable":true,"href":"https:\/\/marimetals.lv\/en\/wp-json\/wp\/v2\/product_tag?post=4799"}],"curies":[{"name":"wp","href":"https:\/\/api.w.org\/{rel}","templated":true}]}}