{"id":4800,"date":"2025-01-31T12:01:58","date_gmt":"2025-01-31T12:01:58","guid":{"rendered":"https:\/\/marimetals.reinisp.id.lv\/?post_type=product&#038;p=4800"},"modified":"2025-01-31T12:02:10","modified_gmt":"2025-01-31T12:02:10","slug":"apalas-caurules","status":"publish","type":"product","link":"https:\/\/marimetals.lv\/en\/produkts\/apalas-caurules\/","title":{"rendered":"Apa\u013c\u0101s caurules"},"content":{"rendered":"<p><span style=\"color: #000000\">Visi tabul\u0101 redzamie materi\u0101li, kam nor\u0101d\u012bta cena, pieejami uz vietas noliktav\u0101\u00a0 jau \u0161odien. Liel\u0101kiem daudzumiem piem\u0113rojam atlaides. <\/span><span style=\"color: #000000\">Par pieejamiem daudzumiem un citiem izm\u0113riem interes\u0113ties pa tel.26305483, kontaktu form\u0101 vai pa e-pastu info@setasunvarti.com<\/span><\/p>\n<table class=\"aligncenter\" style=\"height: 469px;width: 470px\" width=\"544\" cellspacing=\"120\" cellpadding=\"25\">\n<tbody>\n<tr style=\"height: 10px\">\n<td style=\"vertical-align: top;width: 94px;height: 20px\"><span style=\"font-size: 10pt;color: #000000\"><em>Izm\u0113ri, mm<\/em><\/span><\/td>\n<td style=\"vertical-align: top;width: 95px;height: 20px\"><span style=\"font-size: 10pt;color: #000000\"><em>Garums, mm<\/em><\/span><\/td>\n<td style=\"vertical-align: top;width: 93px;height: 20px\"><span style=\"font-size: 10pt;color: #000000\"><em>Marka<\/em><\/span><\/td>\n<td style=\"vertical-align: top;width: 94px;height: 20px\"><span style=\"font-size: 10pt;color: #000000\"><em>Cena par 1m ar PVN<\/em><\/span><\/td>\n<td style=\"vertical-align: top;width: 94px;height: 20px\"><span style=\"font-size: 10pt;color: #000000\"><em>Cena par 1m bez PVN<\/em><\/span><\/td>\n<\/tr>\n<tr style=\"height: 20px\">\n<td style=\"width: 94px;height: 20px;text-align: center\"><span style=\"color: #000000;font-size: 10pt\">14&#215;1.5<\/span><\/td>\n<td style=\"width: 95px;height: 20px;text-align: center\"><span style=\"color: #000000;font-size: 10pt\">6000<\/span><\/td>\n<td style=\"width: 93px;height: 20px;text-align: center\"><span style=\"color: #000000;font-size: 10pt\">S235<\/span><\/td>\n<td style=\"width: 94px;height: 20px;text-align: center\"><span style=\"color: #000000;font-size: 10pt\">1.30<\/span><\/td>\n<td style=\"width: 94px;height: 20px;text-align: center\"><span style=\"color: #000000;font-size: 10pt\">1.07<\/span><\/td>\n<\/tr>\n<tr style=\"height: 20px\">\n<td style=\"width: 94px;height: 20px;text-align: center\"><span style=\"color: #000000;font-size: 10pt\">16&#215;1.0<\/span><\/td>\n<td style=\"width: 95px;height: 20px;text-align: center\"><span style=\"color: #000000;font-size: 10pt\">6000<\/span><\/td>\n<td style=\"width: 93px;height: 20px;text-align: center\"><span style=\"color: #000000;font-size: 10pt\">DC01<\/span><\/td>\n<td style=\"width: 94px;height: 20px;text-align: center\"><span style=\"color: #000000;font-size: 10pt\">1.30<\/span><\/td>\n<td style=\"width: 94px;height: 20px;text-align: center\"><span style=\"color: #000000;font-size: 10pt\">1.07<\/span><\/td>\n<\/tr>\n<tr>\n<td style=\"width: 94px;text-align: center\"><span style=\"color: #000000;font-size: 10pt\">\u00a025&#215;1.5<\/span><\/td>\n<td style=\"width: 95px;text-align: center\"><span style=\"color: #000000;font-size: 10pt\">6000<\/span><\/td>\n<td style=\"width: 93px;text-align: center\"><span style=\"color: #000000;font-size: 10pt\">S235<\/span><\/td>\n<td style=\"width: 94px;text-align: center\"><span style=\"color: #000000;font-size: 10pt\">2.30<\/span><\/td>\n<td style=\"width: 94px;text-align: center\"><span style=\"color: #000000;font-size: 10pt\">1.90<\/span><\/td>\n<\/tr>\n<tr>\n<td style=\"width: 94px;text-align: center\"><span style=\"color: #000000;font-size: 10pt\">\u00a028&#215;2.0<\/span><\/td>\n<td style=\"width: 95px;text-align: center\"><span style=\"color: #000000;font-size: 10pt\">6000<\/span><\/td>\n<td style=\"width: 93px;text-align: center\"><span style=\"color: #000000;font-size: 10pt\">S235<\/span><\/td>\n<td style=\"width: 94px;text-align: center\"><span style=\"color: #000000;font-size: 10pt\">2.80<\/span><\/td>\n<td style=\"width: 94px;text-align: center\"><span style=\"color: #000000;font-size: 10pt\">2.31<\/span><\/td>\n<\/tr>\n<tr style=\"height: 20px\">\n<td style=\"width: 94px;height: 20px;text-align: center\"><span style=\"font-size: 10pt\"><span style=\"color: #000000\">30x<\/span><span style=\"color: #000000\">2.0<\/span><\/span><\/td>\n<td style=\"width: 95px;height: 20px;text-align: center\"><span style=\"color: #000000;font-size: 10pt\">6000<\/span><\/td>\n<td style=\"width: 93px;height: 20px;text-align: center\"><span style=\"color: #000000;font-size: 10pt\">S235<\/span><\/td>\n<td style=\"width: 94px;height: 20px;text-align: center\"><span style=\"color: #000000;font-size: 10pt\">3.00<\/span><\/td>\n<td style=\"width: 94px;height: 20px;text-align: center\"><span style=\"color: #000000;font-size: 10pt\">2.48<\/span><\/td>\n<\/tr>\n<tr style=\"height: 20px\">\n<td style=\"width: 94px;height: 20px;text-align: center\"><span style=\"color: #000000;font-size: 10pt\">42.4&#215;2.0<\/span><\/td>\n<td style=\"width: 95px;height: 20px;text-align: center\"><span style=\"color: #000000;font-size: 10pt\">6000<\/span><\/td>\n<td style=\"width: 93px;height: 20px;text-align: center\"><span style=\"color: #000000;font-size: 10pt\">S235<\/span><\/td>\n<td style=\"width: 94px;height: 20px;text-align: center\"><span style=\"color: #000000;font-size: 10pt\">3.70<\/span><\/td>\n<td style=\"width: 94px;height: 20px;text-align: center\"><span style=\"color: #000000;font-size: 10pt\">3.06<\/span><\/td>\n<\/tr>\n<tr style=\"height: 20px\">\n<td style=\"width: 94px;height: 20px;text-align: center\"><span style=\"color: #000000;font-size: 10pt\">76.1&#215;3.6<\/span><\/td>\n<td style=\"width: 95px;height: 20px;text-align: center\"><span style=\"color: #000000;font-size: 10pt\">6000<\/span><\/td>\n<td style=\"width: 93px;height: 20px;text-align: center\"><span style=\"color: #000000;font-size: 10pt\">S235<\/span><\/td>\n<td style=\"width: 94px;height: 20px;text-align: center\"><\/td>\n<td style=\"width: 94px;height: 20px;text-align: center\"><\/td>\n<\/tr>\n<tr style=\"height: 20px\">\n<td style=\"width: 94px;height: 20px;text-align: center\"><span style=\"color: #000000;font-size: 10pt\">88.9&#215;2.6<\/span><\/td>\n<td style=\"width: 95px;height: 20px;text-align: center\"><span style=\"color: #000000;font-size: 10pt\">6000<\/span><\/td>\n<td style=\"width: 93px;height: 20px;text-align: center\"><span style=\"color: #000000;font-size: 10pt\">S235<\/span><\/td>\n<td style=\"width: 94px;height: 20px;text-align: center\"><\/td>\n<td style=\"width: 94px;height: 20px;text-align: center\"><\/td>\n<\/tr>\n<tr style=\"height: 20px\">\n<td style=\"width: 94px;height: 20px;text-align: center\"><span style=\"color: #000000;font-size: 10pt\">108&#215;3.0<\/span><\/td>\n<td style=\"width: 95px;height: 20px;text-align: center\"><span style=\"color: #000000;font-size: 10pt\">6000<\/span><\/td>\n<td style=\"width: 93px;height: 20px;text-align: center\"><span style=\"color: #000000;font-size: 10pt\">S235<\/span><\/td>\n<td style=\"width: 94px;height: 20px;text-align: center\"><\/td>\n<td style=\"width: 94px;height: 20px;text-align: center\"><\/td>\n<\/tr>\n<\/tbody>\n<\/table>","protected":false},"excerpt":{"rendered":"<p>Visi tabul\u0101 redzamie materi\u0101li, kam nor\u0101d\u012bta cena, pieejami uz vietas noliktav\u0101\u00a0 jau \u0161odien. Liel\u0101kiem daudzumiem piem\u0113rojam atlaides. Par pieejamiem daudzumiem un citiem izm\u0113riem interes\u0113ties pa tel.26305483, kontaktu form\u0101 vai pa&hellip;<\/p>","protected":false},"featured_media":4830,"comment_status":"closed","ping_status":"closed","template":"","meta":[],"product_brand":[],"product_cat":[24],"product_tag":[],"class_list":{"0":"post-4800","1":"product","2":"type-product","3":"status-publish","4":"has-post-thumbnail","6":"product_cat-metalmateriali","8":"first","9":"instock","10":"shipping-taxable","11":"product-type-simple"},"aioseo_notices":[],"_links":{"self":[{"href":"https:\/\/marimetals.lv\/en\/wp-json\/wp\/v2\/product\/4800","targetHints":{"allow":["GET"]}}],"collection":[{"href":"https:\/\/marimetals.lv\/en\/wp-json\/wp\/v2\/product"}],"about":[{"href":"https:\/\/marimetals.lv\/en\/wp-json\/wp\/v2\/types\/product"}],"replies":[{"embeddable":true,"href":"https:\/\/marimetals.lv\/en\/wp-json\/wp\/v2\/comments?post=4800"}],"wp:featuredmedia":[{"embeddable":true,"href":"https:\/\/marimetals.lv\/en\/wp-json\/wp\/v2\/media\/4830"}],"wp:attachment":[{"href":"https:\/\/marimetals.lv\/en\/wp-json\/wp\/v2\/media?parent=4800"}],"wp:term":[{"taxonomy":"product_brand","embeddable":true,"href":"https:\/\/marimetals.lv\/en\/wp-json\/wp\/v2\/product_brand?post=4800"},{"taxonomy":"product_cat","embeddable":true,"href":"https:\/\/marimetals.lv\/en\/wp-json\/wp\/v2\/product_cat?post=4800"},{"taxonomy":"product_tag","embeddable":true,"href":"https:\/\/marimetals.lv\/en\/wp-json\/wp\/v2\/product_tag?post=4800"}],"curies":[{"name":"wp","href":"https:\/\/api.w.org\/{rel}","templated":true}]}}