{"id":4802,"date":"2025-01-31T12:01:58","date_gmt":"2025-01-31T12:01:58","guid":{"rendered":"https:\/\/marimetals.reinisp.id.lv\/?post_type=product&#038;p=4802"},"modified":"2025-01-31T12:02:18","modified_gmt":"2025-01-31T12:02:18","slug":"lenkdzelzi","status":"publish","type":"product","link":"https:\/\/marimetals.lv\/en\/produkts\/lenkdzelzi\/","title":{"rendered":"Le\u0146\u0137dzel\u017ei"},"content":{"rendered":"<p><span style=\"color: #000000\">Visi tabul\u0101 redzamie materi\u0101li, kam nor\u0101d\u012bta cena, pieejami uz vietas noliktav\u0101\u00a0 jau \u0161odien. Liel\u0101kiem daudzumiem piem\u0113rojam atlaides. <\/span><span style=\"color: #000000\">Par pieejamiem daudzumiem un citiem izm\u0113riem interes\u0113ties pa tel.26305483, kontaktu form\u0101 vai pa e-pastu info@setasunvarti.com.<\/span><\/p>\n<table class=\"aligncenter\" style=\"height: 800px;width: 544px\" width=\"544\" cellspacing=\"120\" cellpadding=\"25\">\n<tbody>\n<tr style=\"height: 10px\">\n<td style=\"vertical-align: top;width: 120px;height: 20px\"><span style=\"font-size: 10pt;color: #000000\"><em>Izm\u0113ri, mm<\/em><\/span><\/td>\n<td style=\"vertical-align: top;width: 120px;height: 20px\"><span style=\"font-size: 10pt;color: #000000\"><em>Garums, mm<\/em><\/span><\/td>\n<td style=\"vertical-align: top;width: 120px;height: 20px\"><span style=\"font-size: 10pt;color: #000000\"><em>Marka<\/em><\/span><\/td>\n<td style=\"vertical-align: top;width: 120px;height: 20px\"><span style=\"font-size: 10pt;color: #000000\"><em>Cena par 1m ar PVN<\/em><\/span><\/td>\n<td style=\"vertical-align: top;width: 120px;height: 20px\"><span style=\"font-size: 10pt;color: #000000\"><em>Cena par 1m bez PVN<\/em><\/span><\/td>\n<\/tr>\n<tr style=\"height: 20px\">\n<td style=\"width: 120px;height: 20px\"><span style=\"color: #000000;font-size: 10pt\">20x20x3.0<\/span><\/td>\n<td style=\"width: 120px;height: 20px\"><span style=\"color: #000000;font-size: 10pt\">6000<\/span><\/td>\n<td style=\"width: 120px;height: 20px\"><span style=\"color: #000000;font-size: 10pt\">S235<\/span><\/td>\n<td style=\"width: 120px;height: 20px\"><span style=\"color: #000000;font-size: 10pt\">1.90<\/span><\/td>\n<td style=\"width: 120px;height: 20px\"><span style=\"color: #000000;font-size: 10pt\">1.57<\/span><\/td>\n<\/tr>\n<tr style=\"height: 20px\">\n<td style=\"width: 120px;height: 20px\"><span style=\"color: #000000;font-size: 10pt\">25x25x3.0<\/span><\/td>\n<td style=\"width: 120px;height: 20px\"><span style=\"color: #000000;font-size: 10pt\">6000<\/span><\/td>\n<td style=\"width: 120px;height: 20px\"><span style=\"color: #000000;font-size: 10pt\">S235<\/span><\/td>\n<td style=\"width: 120px;height: 20px\"><\/td>\n<td style=\"width: 120px;height: 20px\"><\/td>\n<\/tr>\n<tr style=\"height: 20px\">\n<td style=\"width: 120px;height: 20px\"><span style=\"color: #000000;font-size: 10pt\">30x30x4.0<\/span><\/td>\n<td style=\"width: 120px;height: 20px\"><span style=\"color: #000000;font-size: 10pt\">6000<\/span><\/td>\n<td style=\"width: 120px;height: 20px\"><span style=\"color: #000000;font-size: 10pt\">S235<\/span><\/td>\n<td style=\"width: 120px;height: 20px\"><span style=\"color: #000000;font-size: 10pt;font-family: arial, helvetica, sans-serif\">2.20<\/span><\/td>\n<td style=\"width: 120px;height: 20px\"><span style=\"color: #000000;font-size: 10pt;font-family: arial, helvetica, sans-serif\">1.82<\/span><\/td>\n<\/tr>\n<tr style=\"height: 20px\">\n<td style=\"width: 120px;height: 20px\"><span style=\"color: #000000;font-size: 10pt\">40x40x4.0<\/span><\/td>\n<td style=\"width: 120px;height: 20px\"><span style=\"color: #000000;font-size: 10pt\">6000<\/span><\/td>\n<td style=\"width: 120px;height: 20px\"><span style=\"color: #000000;font-size: 10pt\">S235<\/span><\/td>\n<td style=\"width: 120px;height: 20px\"><span style=\"color: #000000;font-family: arial, helvetica, sans-serif;font-size: 10pt\">4.00<\/span><\/td>\n<td style=\"width: 120px;height: 20px\"><span style=\"color: #000000;font-size: 10pt;font-family: arial, helvetica, sans-serif\">3.31<\/span><\/td>\n<\/tr>\n<tr style=\"height: 20px\">\n<td style=\"width: 120px;height: 20px\"><span style=\"color: #000000;font-size: 10pt\">45x45x4.0<\/span><\/td>\n<td style=\"width: 120px;height: 20px\"><span style=\"color: #000000;font-size: 10pt\">6000<\/span><\/td>\n<td style=\"width: 120px;height: 20px\"><span style=\"color: #000000;font-size: 10pt\">S235<\/span><\/td>\n<td style=\"width: 120px;height: 20px\"><span style=\"color: #000000;font-size: 10pt;font-family: arial, helvetica, sans-serif\">4.30<\/span><\/td>\n<td style=\"width: 120px;height: 20px\"><span style=\"color: #000000;font-size: 10pt;font-family: arial, helvetica, sans-serif\">3.55<\/span><\/td>\n<\/tr>\n<tr style=\"height: 20px\">\n<td style=\"width: 120px;height: 20px\"><span style=\"color: #000000;font-size: 10pt\">50x50x4.0<\/span><\/td>\n<td style=\"width: 120px;height: 20px\"><span style=\"color: #000000;font-size: 10pt\">6000<\/span><\/td>\n<td style=\"width: 120px;height: 20px\"><span style=\"color: #000000;font-size: 10pt\">S235<\/span><\/td>\n<td style=\"width: 120px;height: 20px\"><\/td>\n<td style=\"width: 120px;height: 20px\"><\/td>\n<\/tr>\n<tr style=\"height: 20px\">\n<td style=\"width: 120px;height: 20px\"><span style=\"color: #000000;font-size: 10pt\">60x40x3.0<\/span><\/td>\n<td style=\"width: 120px;height: 20px\"><span style=\"color: #000000;font-size: 10pt\">6000<\/span><\/td>\n<td style=\"width: 120px;height: 20px\"><span style=\"color: #000000;font-size: 10pt\">S235<\/span><\/td>\n<td style=\"width: 120px;height: 20px\"><span style=\"color: #000000;font-family: arial, helvetica, sans-serif;font-size: 10pt\">4.40<\/span><\/td>\n<td style=\"width: 120px;height: 20px\"><span style=\"color: #000000;font-family: arial, helvetica, sans-serif;font-size: 10pt\">3.64<\/span><\/td>\n<\/tr>\n<tr style=\"height: 20px\">\n<td style=\"width: 120px;height: 20px\"><span style=\"color: #000000;font-size: 10pt\">60x60x6.0<\/span><\/td>\n<td style=\"width: 120px;height: 20px\"><span style=\"color: #000000;font-size: 10pt\">6000<\/span><\/td>\n<td style=\"width: 120px;height: 20px\"><span style=\"color: #000000;font-size: 10pt\">S235<\/span><\/td>\n<td style=\"width: 120px;height: 20px\"><\/td>\n<td style=\"width: 120px;height: 20px\"><\/td>\n<\/tr>\n<tr style=\"height: 20px\">\n<td style=\"width: 120px;height: 20px\"><span style=\"color: #000000;font-size: 10pt\">70x70x6.0<\/span><\/td>\n<td style=\"width: 120px;height: 20px\"><span style=\"color: #000000;font-size: 10pt\">6000<\/span><\/td>\n<td style=\"width: 120px;height: 20px\"><span style=\"color: #000000;font-size: 10pt\">S235<\/span><\/td>\n<td style=\"width: 120px;height: 20px\"><\/td>\n<td style=\"width: 120px;height: 20px\"><\/td>\n<\/tr>\n<tr style=\"height: 22px\">\n<td style=\"width: 120px;height: 20px\"><span style=\"color: #000000;font-size: 10pt\">100x100x8.0<\/span><\/td>\n<td style=\"width: 120px;height: 20px\"><span style=\"color: #000000;font-size: 10pt\">6000<\/span><\/td>\n<td style=\"width: 120px;height: 20px\"><span style=\"color: #000000;font-size: 10pt\">S235<\/span><\/td>\n<td style=\"width: 120px;height: 20px\"><\/td>\n<td style=\"width: 120px;height: 20px\"><\/td>\n<\/tr>\n<\/tbody>\n<\/table>","protected":false},"excerpt":{"rendered":"<p>Visi tabul\u0101 redzamie materi\u0101li, kam nor\u0101d\u012bta cena, pieejami uz vietas noliktav\u0101\u00a0 jau \u0161odien. Liel\u0101kiem daudzumiem piem\u0113rojam atlaides. Par pieejamiem daudzumiem un citiem izm\u0113riem interes\u0113ties pa tel.26305483, kontaktu form\u0101 vai pa&hellip;<\/p>","protected":false},"featured_media":4832,"comment_status":"closed","ping_status":"closed","template":"","meta":[],"product_brand":[],"product_cat":[24],"product_tag":[],"class_list":{"0":"post-4802","1":"product","2":"type-product","3":"status-publish","4":"has-post-thumbnail","6":"product_cat-metalmateriali","8":"first","9":"instock","10":"shipping-taxable","11":"product-type-simple"},"aioseo_notices":[],"_links":{"self":[{"href":"https:\/\/marimetals.lv\/en\/wp-json\/wp\/v2\/product\/4802","targetHints":{"allow":["GET"]}}],"collection":[{"href":"https:\/\/marimetals.lv\/en\/wp-json\/wp\/v2\/product"}],"about":[{"href":"https:\/\/marimetals.lv\/en\/wp-json\/wp\/v2\/types\/product"}],"replies":[{"embeddable":true,"href":"https:\/\/marimetals.lv\/en\/wp-json\/wp\/v2\/comments?post=4802"}],"wp:featuredmedia":[{"embeddable":true,"href":"https:\/\/marimetals.lv\/en\/wp-json\/wp\/v2\/media\/4832"}],"wp:attachment":[{"href":"https:\/\/marimetals.lv\/en\/wp-json\/wp\/v2\/media?parent=4802"}],"wp:term":[{"taxonomy":"product_brand","embeddable":true,"href":"https:\/\/marimetals.lv\/en\/wp-json\/wp\/v2\/product_brand?post=4802"},{"taxonomy":"product_cat","embeddable":true,"href":"https:\/\/marimetals.lv\/en\/wp-json\/wp\/v2\/product_cat?post=4802"},{"taxonomy":"product_tag","embeddable":true,"href":"https:\/\/marimetals.lv\/en\/wp-json\/wp\/v2\/product_tag?post=4802"}],"curies":[{"name":"wp","href":"https:\/\/api.w.org\/{rel}","templated":true}]}}