{"id":4803,"date":"2025-01-31T12:01:58","date_gmt":"2025-01-31T12:01:58","guid":{"rendered":"https:\/\/marimetals.reinisp.id.lv\/?post_type=product&#038;p=4803"},"modified":"2025-01-31T12:02:19","modified_gmt":"2025-01-31T12:02:19","slug":"loksnes","status":"publish","type":"product","link":"https:\/\/marimetals.lv\/en\/produkts\/loksnes\/","title":{"rendered":"Loksnes"},"content":{"rendered":"<p><span style=\"color: #000000\">Tabul\u0101 redzamie materi\u0101li, kam nor\u0101d\u012bta cena, pieejami uz vietas noliktav\u0101\u00a0 jau \u0161odien. Liel\u0101kiem daudzumiem piem\u0113rojam atlaides. <\/span><span style=\"color: #000000\">Par pieejamiem daudzumiem un citiem izm\u0113riem interes\u0113ties pa tel.26305483, kontaktu form\u0101 vai pa e-pastu info@setasunvarti.com<\/span><\/p>\n<table class=\"aligncenter\" style=\"height: 246px;width: 58.8871%\" width=\"544\" cellspacing=\"120\" cellpadding=\"25\">\n<tbody>\n<tr style=\"height: 10px\">\n<td style=\"vertical-align: top;width: 111.75px;height: 20px\"><span style=\"font-size: 10pt;color: #000000\"><em>Izm\u0113ri, mm<\/em><\/span><\/td>\n<td style=\"vertical-align: top;width: 102.75px;height: 20px\"><span style=\"font-size: 10pt;color: #000000\"><em>Marka<\/em><\/span><\/td>\n<td style=\"vertical-align: top;width: 103.75px;height: 20px\"><span style=\"font-size: 10pt;color: #000000\"><em>Cena par 1gab. ar PVN<\/em><\/span><\/td>\n<td style=\"vertical-align: top;width: 104.75px;height: 20px\"><span style=\"font-size: 10pt;color: #000000\"><em>Cena par 1gab. bez PVN<\/em><\/span><\/td>\n<\/tr>\n<tr style=\"height: 20px\">\n<td style=\"width: 111.75px;height: 20px;text-align: center\"><span style=\"color: #000000;font-size: 10pt\">0.8x1000x2000<\/span><\/td>\n<td style=\"width: 102.75px;height: 20px;text-align: center\"><span style=\"color: #000000;font-size: 10pt\">DC01<\/span><\/td>\n<td style=\"width: 103.75px;height: 20px;text-align: center\"><span style=\"color: #000000;font-size: 10pt\">27.00<\/span><\/td>\n<td style=\"width: 104.75px;height: 20px;text-align: center\"><span style=\"color: #000000;font-size: 10pt\">22.31<\/span><\/td>\n<\/tr>\n<tr style=\"height: 20px\">\n<td style=\"width: 111.75px;height: 20px;text-align: center\"><span style=\"color: #000000;font-size: 10pt\">1.0x1000x2000<\/span><\/td>\n<td style=\"width: 102.75px;height: 20px;text-align: center\"><span style=\"color: #000000;font-size: 10pt\">DC01<\/span><\/td>\n<td style=\"width: 103.75px;height: 20px;text-align: center\"><span style=\"color: #000000;font-size: 10pt\">33.00<\/span><\/td>\n<td style=\"width: 104.75px;height: 20px;text-align: center\"><span style=\"color: #000000;font-size: 10pt\">27.27<\/span><\/td>\n<\/tr>\n<tr style=\"height: 20px\">\n<td style=\"width: 111.75px;height: 10px;text-align: center\"><span style=\"color: #000000;font-size: 10pt\">2.0x1000x2000<\/span><\/td>\n<td style=\"width: 102.75px;height: 10px;text-align: center\"><span style=\"color: #000000;font-size: 10pt\">DC01<\/span><\/td>\n<td style=\"width: 103.75px;height: 10px;text-align: center\"><span style=\"color: #000000\">60.00<\/span><\/td>\n<td style=\"width: 104.75px;height: 10px;text-align: center\"><span style=\"color: #000000\">49.59<\/span><\/td>\n<\/tr>\n<tr style=\"height: 20px\">\n<td style=\"width: 111.75px;height: 20px;text-align: center\"><span style=\"color: #000000;font-size: 10pt\">3.0x1250x1800<\/span><\/td>\n<td style=\"width: 102.75px;height: 20px;text-align: center\"><span style=\"color: #000000;font-size: 10pt\">DC01<\/span><\/td>\n<td style=\"width: 103.75px;height: 20px;text-align: center\"><\/td>\n<td style=\"width: 104.75px;height: 20px;text-align: center\"><\/td>\n<\/tr>\n<tr>\n<td style=\"width: 111.75px;text-align: center\"><span style=\"color: #000000;font-size: 10pt\">3.0x1250x2500<\/span><\/td>\n<td style=\"width: 102.75px;text-align: center\"><span style=\"color: #000000;font-size: 10pt\">DC01<\/span><\/td>\n<td style=\"width: 103.75px;text-align: center\"><\/td>\n<td style=\"width: 104.75px;text-align: center\"><\/td>\n<\/tr>\n<\/tbody>\n<\/table>\n<p>&nbsp;<\/p>","protected":false},"excerpt":{"rendered":"<p>Tabul\u0101 redzamie materi\u0101li, kam nor\u0101d\u012bta cena, pieejami uz vietas noliktav\u0101\u00a0 jau \u0161odien. Liel\u0101kiem daudzumiem piem\u0113rojam atlaides. Par pieejamiem daudzumiem un citiem izm\u0113riem interes\u0113ties pa tel.26305483, kontaktu form\u0101 vai pa e-pastu&hellip;<\/p>","protected":false},"featured_media":4833,"comment_status":"closed","ping_status":"closed","template":"","meta":[],"product_brand":[],"product_cat":[24],"product_tag":[],"class_list":{"0":"post-4803","1":"product","2":"type-product","3":"status-publish","4":"has-post-thumbnail","6":"product_cat-metalmateriali","8":"first","9":"instock","10":"shipping-taxable","11":"product-type-simple"},"aioseo_notices":[],"_links":{"self":[{"href":"https:\/\/marimetals.lv\/en\/wp-json\/wp\/v2\/product\/4803","targetHints":{"allow":["GET"]}}],"collection":[{"href":"https:\/\/marimetals.lv\/en\/wp-json\/wp\/v2\/product"}],"about":[{"href":"https:\/\/marimetals.lv\/en\/wp-json\/wp\/v2\/types\/product"}],"replies":[{"embeddable":true,"href":"https:\/\/marimetals.lv\/en\/wp-json\/wp\/v2\/comments?post=4803"}],"wp:featuredmedia":[{"embeddable":true,"href":"https:\/\/marimetals.lv\/en\/wp-json\/wp\/v2\/media\/4833"}],"wp:attachment":[{"href":"https:\/\/marimetals.lv\/en\/wp-json\/wp\/v2\/media?parent=4803"}],"wp:term":[{"taxonomy":"product_brand","embeddable":true,"href":"https:\/\/marimetals.lv\/en\/wp-json\/wp\/v2\/product_brand?post=4803"},{"taxonomy":"product_cat","embeddable":true,"href":"https:\/\/marimetals.lv\/en\/wp-json\/wp\/v2\/product_cat?post=4803"},{"taxonomy":"product_tag","embeddable":true,"href":"https:\/\/marimetals.lv\/en\/wp-json\/wp\/v2\/product_tag?post=4803"}],"curies":[{"name":"wp","href":"https:\/\/api.w.org\/{rel}","templated":true}]}}