{"id":4804,"date":"2025-01-31T12:01:58","date_gmt":"2025-01-31T12:01:58","guid":{"rendered":"https:\/\/marimetals.reinisp.id.lv\/?post_type=product&#038;p=4804"},"modified":"2025-01-31T12:02:23","modified_gmt":"2025-01-31T12:02:23","slug":"sijas-dubult-t-profili","status":"publish","type":"product","link":"https:\/\/marimetals.lv\/en\/produkts\/sijas-dubult-t-profili\/","title":{"rendered":"Sijas (dubult T-profili)"},"content":{"rendered":"<p><span style=\"color: #000000\">Visi tabul\u0101 redzamie materi\u0101li pieejami uz vietas noliktav\u0101\u00a0 jau \u0161odien. Liel\u0101kiem daudzumiem piem\u0113rojam atlaides. <\/span><span style=\"color: #000000\">Par pieejamiem daudzumiem un citiem izm\u0113riem interes\u0113ties pa tel.26305483 vai pa e-pastu info@setasunvarti.com<\/span><\/p>\n<table class=\"aligncenter\" style=\"height: 265px;width: 540px\" width=\"544\" cellspacing=\"120\" cellpadding=\"25\">\n<tbody>\n<tr style=\"height: 10px\">\n<td style=\"vertical-align: top;width: 91.75px;height: 20px\"><span style=\"font-size: 10pt;color: #000000\"><em>Izm\u0113ri, mm<\/em><\/span><\/td>\n<td style=\"vertical-align: top;width: 98.75px;height: 20px\"><span style=\"font-size: 10pt;color: #000000\"><em>Garums, mm<\/em><\/span><\/td>\n<td style=\"vertical-align: top;width: 94.75px;height: 20px\"><span style=\"font-size: 10pt;color: #000000\"><em>Marka<\/em><\/span><\/td>\n<td style=\"vertical-align: top;width: 93.75px;height: 20px\"><span style=\"font-size: 10pt;color: #000000\"><em>Cena par 1m ar PVN<\/em><\/span><\/td>\n<td style=\"vertical-align: top;width: 93.75px;height: 20px\"><span style=\"font-size: 10pt;color: #000000\"><em>Cena par 1m bez PVN<\/em><\/span><\/td>\n<\/tr>\n<tr style=\"height: 20px\">\n<td style=\"width: 91.75px;height: 20px\"><span style=\"color: #000000;font-size: 10pt\">IPE100<\/span><\/td>\n<td style=\"width: 98.75px;height: 20px\"><span style=\"color: #000000;font-size: 10pt\">6000<\/span><\/td>\n<td style=\"width: 94.75px;height: 20px\"><span style=\"color: #000000;font-size: 10pt\">S275<\/span><\/td>\n<td style=\"width: 93.75px;height: 20px\"><\/td>\n<td style=\"width: 93.75px;height: 20px\"><\/td>\n<\/tr>\n<tr style=\"height: 20px\">\n<td style=\"width: 91.75px;height: 20px\"><span style=\"color: #000000;font-size: 10pt\">IPE300<\/span><\/td>\n<td style=\"width: 98.75px;height: 20px\"><span style=\"color: #000000;font-size: 10pt\">6000<\/span><\/td>\n<td style=\"width: 94.75px;height: 20px\"><span style=\"color: #000000;font-size: 10pt\">S275<\/span><\/td>\n<td style=\"width: 93.75px;height: 20px\"><\/td>\n<td style=\"width: 93.75px;height: 20px\"><\/td>\n<\/tr>\n<\/tbody>\n<\/table>","protected":false},"excerpt":{"rendered":"<p>Visi tabul\u0101 redzamie materi\u0101li pieejami uz vietas noliktav\u0101\u00a0 jau \u0161odien. Liel\u0101kiem daudzumiem piem\u0113rojam atlaides. Par pieejamiem daudzumiem un citiem izm\u0113riem interes\u0113ties pa tel.26305483 vai pa e-pastu info@setasunvarti.com Izm\u0113ri, mm Garums,&hellip;<\/p>","protected":false},"featured_media":4834,"comment_status":"closed","ping_status":"closed","template":"","meta":[],"product_brand":[],"product_cat":[24],"product_tag":[],"class_list":{"0":"post-4804","1":"product","2":"type-product","3":"status-publish","4":"has-post-thumbnail","6":"product_cat-metalmateriali","8":"first","9":"outofstock","10":"shipping-taxable","11":"product-type-simple"},"aioseo_notices":[],"_links":{"self":[{"href":"https:\/\/marimetals.lv\/en\/wp-json\/wp\/v2\/product\/4804","targetHints":{"allow":["GET"]}}],"collection":[{"href":"https:\/\/marimetals.lv\/en\/wp-json\/wp\/v2\/product"}],"about":[{"href":"https:\/\/marimetals.lv\/en\/wp-json\/wp\/v2\/types\/product"}],"replies":[{"embeddable":true,"href":"https:\/\/marimetals.lv\/en\/wp-json\/wp\/v2\/comments?post=4804"}],"wp:featuredmedia":[{"embeddable":true,"href":"https:\/\/marimetals.lv\/en\/wp-json\/wp\/v2\/media\/4834"}],"wp:attachment":[{"href":"https:\/\/marimetals.lv\/en\/wp-json\/wp\/v2\/media?parent=4804"}],"wp:term":[{"taxonomy":"product_brand","embeddable":true,"href":"https:\/\/marimetals.lv\/en\/wp-json\/wp\/v2\/product_brand?post=4804"},{"taxonomy":"product_cat","embeddable":true,"href":"https:\/\/marimetals.lv\/en\/wp-json\/wp\/v2\/product_cat?post=4804"},{"taxonomy":"product_tag","embeddable":true,"href":"https:\/\/marimetals.lv\/en\/wp-json\/wp\/v2\/product_tag?post=4804"}],"curies":[{"name":"wp","href":"https:\/\/api.w.org\/{rel}","templated":true}]}}