{"id":4805,"date":"2025-01-31T12:01:58","date_gmt":"2025-01-31T12:01:58","guid":{"rendered":"https:\/\/marimetals.reinisp.id.lv\/?post_type=product&#038;p=4805"},"modified":"2025-01-31T12:02:26","modified_gmt":"2025-01-31T12:02:26","slug":"sloksnes","status":"publish","type":"product","link":"https:\/\/marimetals.lv\/en\/produkts\/sloksnes\/","title":{"rendered":"Sloksnes"},"content":{"rendered":"<p><span style=\"color: #000000\">Visi tabul\u0101 redzamie materi\u0101li , kam nor\u0101d\u012bta cena, pieejami uz vietas noliktav\u0101\u00a0 jau \u0161odien. Liel\u0101kiem daudzumiem piem\u0113rojam atlaides. <\/span><span style=\"color: #000000\">Par pieejamiem daudzumiem un citiem izm\u0113riem interes\u0113ties pa tel.26305483 vai pa e-pastu info@setasunvarti.com<\/span><\/p>\n<table class=\"aligncenter\" style=\"height: 640px;width: 543px\" width=\"544\" cellspacing=\"120\" cellpadding=\"25\">\n<tbody>\n<tr style=\"height: 10px\">\n<td style=\"vertical-align: top;width: 103.75px;height: 20px\"><span style=\"font-size: 10pt;color: #000000\"><em>Izm\u0113ri, mm<\/em><\/span><\/td>\n<td style=\"vertical-align: top;width: 96.75px;height: 20px\"><span style=\"font-size: 10pt;color: #000000\"><em>Garums, mm<\/em><\/span><\/td>\n<td style=\"vertical-align: top;width: 91.75px;height: 20px\"><span style=\"font-size: 10pt;color: #000000\"><em>Marka<\/em><\/span><\/td>\n<td style=\"vertical-align: top;width: 91.75px;height: 20px\"><span style=\"font-size: 10pt;color: #000000\"><em>Cena par 1m ar PVN<\/em><\/span><\/td>\n<td style=\"vertical-align: top;width: 91.75px;height: 20px\"><span style=\"font-size: 10pt;color: #000000\"><em>Cena par 1m bez PVN<\/em><\/span><\/td>\n<\/tr>\n<tr style=\"height: 20px\">\n<td style=\"width: 103.75px;height: 20px;text-align: center\"><span style=\"color: #000000;font-size: 10pt\">25&#215;10<\/span><\/td>\n<td style=\"width: 96.75px;height: 20px;text-align: center\"><span style=\"color: #000000;font-size: 10pt\">6100<\/span><\/td>\n<td style=\"width: 91.75px;height: 20px;text-align: center\"><span style=\"color: #000000;font-size: 10pt\">S235<\/span><\/td>\n<td style=\"width: 91.75px;height: 20px;text-align: center\"><span style=\"color: #000000;font-size: 10pt\">3.80<\/span><\/td>\n<td style=\"width: 91.75px;height: 20px;text-align: center\"><span style=\"color: #000000;font-size: 10pt\">3.14<\/span><\/td>\n<\/tr>\n<tr style=\"height: 20px\">\n<td style=\"width: 103.75px;height: 20px;text-align: center\"><span style=\"color: #000000;font-size: 10pt\">35&#215;8.0<\/span><\/td>\n<td style=\"width: 96.75px;height: 20px;text-align: center\"><span style=\"color: #000000;font-size: 10pt\">6100<\/span><\/td>\n<td style=\"width: 91.75px;height: 20px;text-align: center\"><span style=\"color: #000000;font-size: 10pt\">S235<\/span><\/td>\n<td style=\"width: 91.75px;height: 20px;text-align: center\"><span style=\"color: #000000;font-size: 10pt\">3.70<\/span><\/td>\n<td style=\"width: 91.75px;height: 20px;text-align: center\"><span style=\"color: #000000;font-size: 10pt\">3.06<\/span><\/td>\n<\/tr>\n<tr style=\"height: 20px\">\n<td style=\"width: 103.75px;height: 20px;text-align: center\"><span style=\"color: #000000;font-size: 10pt\">40&#215;4.0<\/span><\/td>\n<td style=\"width: 96.75px;height: 20px;text-align: center\"><span style=\"color: #000000;font-size: 10pt\">6100<\/span><\/td>\n<td style=\"width: 91.75px;height: 20px;text-align: center\"><span style=\"color: #000000;font-size: 10pt\">S235<\/span><\/td>\n<td style=\"width: 91.75px;height: 20px;text-align: center\"><span style=\"color: #000000;font-size: 10pt\">2.40<\/span><\/td>\n<td style=\"width: 91.75px;height: 20px;text-align: center\"><span style=\"color: #000000;font-size: 10pt\">1.98<\/span><\/td>\n<\/tr>\n<tr style=\"height: 20px\">\n<td style=\"width: 103.75px;height: 20px;text-align: center\"><span style=\"color: #000000;font-size: 10pt\">50&#215;5.0<\/span><\/td>\n<td style=\"width: 96.75px;height: 20px;text-align: center\"><span style=\"color: #000000;font-size: 10pt\">6100<\/span><\/td>\n<td style=\"width: 91.75px;height: 20px;text-align: center\"><span style=\"color: #000000;font-size: 10pt\">S235<\/span><\/td>\n<td style=\"width: 91.75px;height: 20px;text-align: center\"><\/td>\n<td style=\"width: 91.75px;height: 20px;text-align: center\"><\/td>\n<\/tr>\n<tr style=\"height: 20px\">\n<td style=\"width: 103.75px;height: 20px;text-align: center\"><span style=\"color: #000000;font-size: 10pt\">50&#215;10<\/span><\/td>\n<td style=\"width: 96.75px;height: 20px;text-align: center\"><span style=\"color: #000000;font-size: 10pt\">6100<\/span><\/td>\n<td style=\"width: 91.75px;height: 20px;text-align: center\"><span style=\"color: #000000;font-size: 10pt\">S235<\/span><\/td>\n<td style=\"width: 91.75px;height: 20px;text-align: center\"><\/td>\n<td style=\"width: 91.75px;height: 20px;text-align: center\"><\/td>\n<\/tr>\n<tr style=\"height: 20px\">\n<td style=\"width: 103.75px;height: 20px;text-align: center\"><span style=\"color: #000000;font-size: 10pt\">60&#215;3.0<\/span><\/td>\n<td style=\"width: 96.75px;height: 20px;text-align: center\"><span style=\"color: #000000;font-size: 10pt\">6100<\/span><\/td>\n<td style=\"width: 91.75px;height: 20px;text-align: center\"><span style=\"color: #000000;font-size: 10pt\">S235<\/span><\/td>\n<td style=\"width: 91.75px;height: 20px;text-align: center\"><span style=\"color: #000000;font-size: 10pt\">4.00<\/span><\/td>\n<td style=\"width: 91.75px;height: 20px;text-align: center\"><span style=\"color: #000000;font-size: 10pt\">3.31<\/span><\/td>\n<\/tr>\n<tr style=\"height: 20px\">\n<td style=\"width: 103.75px;height: 20px;text-align: center\"><span style=\"color: #000000;font-size: 10pt\">60&#215;5.0<\/span><\/td>\n<td style=\"width: 96.75px;height: 20px;text-align: center\"><span style=\"color: #000000;font-size: 10pt\">6100<\/span><\/td>\n<td style=\"width: 91.75px;height: 20px;text-align: center\"><span style=\"color: #000000;font-size: 10pt\">S235<\/span><\/td>\n<td style=\"width: 91.75px;height: 20px;text-align: center\"><span style=\"color: #000000;font-size: 10pt\">6.00<\/span><\/td>\n<td style=\"width: 91.75px;height: 20px;text-align: center\"><span style=\"color: #000000;font-size: 10pt\">4.96<\/span><\/td>\n<\/tr>\n<tr style=\"height: 20px\">\n<td style=\"width: 103.75px;height: 20px;text-align: center\"><span style=\"color: #000000;font-size: 10pt\">80&#215;3.0<\/span><\/td>\n<td style=\"width: 96.75px;height: 20px;text-align: center\"><span style=\"color: #000000;font-size: 10pt\">6100<\/span><\/td>\n<td style=\"width: 91.75px;height: 20px;text-align: center\"><span style=\"color: #000000;font-size: 10pt\">S235<\/span><\/td>\n<td style=\"width: 91.75px;height: 20px;text-align: center\"><span style=\"color: #000000;font-size: 10pt\">5.30<\/span><\/td>\n<td style=\"width: 91.75px;height: 20px;text-align: center\"><span style=\"color: #000000;font-size: 10pt\">4.38<\/span><\/td>\n<\/tr>\n<tr style=\"height: 20px\">\n<td style=\"width: 103.75px;height: 20px;text-align: center\"><span style=\"color: #000000;font-size: 10pt\">100&#215;6.0<\/span><\/td>\n<td style=\"width: 96.75px;height: 20px;text-align: center\"><span style=\"color: #000000;font-size: 10pt\">6100<\/span><\/td>\n<td style=\"width: 91.75px;height: 20px;text-align: center\"><span style=\"color: #000000;font-size: 10pt\">S235<\/span><\/td>\n<td style=\"width: 91.75px;height: 20px;text-align: center\"><\/td>\n<td style=\"width: 91.75px;height: 20px;text-align: center\"><\/td>\n<\/tr>\n<tr style=\"height: 22px\">\n<td style=\"width: 103.75px;height: 20px;text-align: center\"><span style=\"color: #000000;font-size: 10pt\">100&#215;10<\/span><\/td>\n<td style=\"width: 96.75px;height: 20px;text-align: center\"><span style=\"color: #000000;font-size: 10pt\">6100<\/span><\/td>\n<td style=\"width: 91.75px;height: 20px;text-align: center\"><span style=\"color: #000000;font-size: 10pt\">S235<\/span><\/td>\n<td style=\"width: 91.75px;height: 20px;text-align: center\"><\/td>\n<td style=\"width: 91.75px;height: 20px;text-align: center\"><\/td>\n<\/tr>\n<tr style=\"height: 22px\">\n<td style=\"width: 103.75px;height: 25px;text-align: center\"><span style=\"color: #000000;font-size: 10pt\">150&#215;10<\/span><\/td>\n<td style=\"width: 96.75px;height: 25px;text-align: center\"><span style=\"color: #000000;font-size: 10pt\">6100<\/span><\/td>\n<td style=\"width: 91.75px;height: 25px;text-align: center\"><span style=\"color: #000000;font-size: 10pt\">S235<\/span><\/td>\n<td style=\"width: 91.75px;height: 25px;text-align: center\"><\/td>\n<td style=\"width: 91.75px;height: 25px;text-align: center\"><\/td>\n<\/tr>\n<tr style=\"height: 22px\">\n<td style=\"width: 103.75px;height: 25px;text-align: center\"><span style=\"color: #000000;font-size: 10pt\">160&#215;6.0<\/span><\/td>\n<td style=\"width: 96.75px;height: 25px;text-align: center\"><span style=\"color: #000000;font-size: 10pt\">6100<\/span><\/td>\n<td style=\"width: 91.75px;height: 25px;text-align: center\"><span style=\"color: #000000;font-size: 10pt\">S235<\/span><\/td>\n<td style=\"width: 91.75px;height: 25px;text-align: center\"><\/td>\n<td style=\"width: 91.75px;height: 25px;text-align: center\"><\/td>\n<\/tr>\n<tr style=\"height: 22px\">\n<td style=\"width: 103.75px;height: 25px;text-align: center\"><span style=\"color: #000000;font-size: 10pt\">200&#215;10<\/span><\/td>\n<td style=\"width: 96.75px;height: 25px;text-align: center\"><span style=\"color: #000000;font-size: 10pt\">6100<\/span><\/td>\n<td style=\"width: 91.75px;height: 25px;text-align: center\"><span style=\"color: #000000;font-size: 10pt\">S235<\/span><\/td>\n<td style=\"width: 91.75px;height: 25px;text-align: center\"><\/td>\n<td style=\"width: 91.75px;height: 25px;text-align: center\"><\/td>\n<\/tr>\n<\/tbody>\n<\/table>","protected":false},"excerpt":{"rendered":"<p>Visi tabul\u0101 redzamie materi\u0101li , kam nor\u0101d\u012bta cena, pieejami uz vietas noliktav\u0101\u00a0 jau \u0161odien. Liel\u0101kiem daudzumiem piem\u0113rojam atlaides. Par pieejamiem daudzumiem un citiem izm\u0113riem interes\u0113ties pa tel.26305483 vai pa e-pastu&hellip;<\/p>","protected":false},"featured_media":4842,"comment_status":"closed","ping_status":"closed","template":"","meta":[],"product_brand":[],"product_cat":[24],"product_tag":[],"class_list":{"0":"post-4805","1":"product","2":"type-product","3":"status-publish","4":"has-post-thumbnail","6":"product_cat-metalmateriali","8":"first","9":"instock","10":"shipping-taxable","11":"product-type-simple"},"aioseo_notices":[],"_links":{"self":[{"href":"https:\/\/marimetals.lv\/en\/wp-json\/wp\/v2\/product\/4805","targetHints":{"allow":["GET"]}}],"collection":[{"href":"https:\/\/marimetals.lv\/en\/wp-json\/wp\/v2\/product"}],"about":[{"href":"https:\/\/marimetals.lv\/en\/wp-json\/wp\/v2\/types\/product"}],"replies":[{"embeddable":true,"href":"https:\/\/marimetals.lv\/en\/wp-json\/wp\/v2\/comments?post=4805"}],"wp:featuredmedia":[{"embeddable":true,"href":"https:\/\/marimetals.lv\/en\/wp-json\/wp\/v2\/media\/4842"}],"wp:attachment":[{"href":"https:\/\/marimetals.lv\/en\/wp-json\/wp\/v2\/media?parent=4805"}],"wp:term":[{"taxonomy":"product_brand","embeddable":true,"href":"https:\/\/marimetals.lv\/en\/wp-json\/wp\/v2\/product_brand?post=4805"},{"taxonomy":"product_cat","embeddable":true,"href":"https:\/\/marimetals.lv\/en\/wp-json\/wp\/v2\/product_cat?post=4805"},{"taxonomy":"product_tag","embeddable":true,"href":"https:\/\/marimetals.lv\/en\/wp-json\/wp\/v2\/product_tag?post=4805"}],"curies":[{"name":"wp","href":"https:\/\/api.w.org\/{rel}","templated":true}]}}