{"id":4806,"date":"2025-01-31T12:01:58","date_gmt":"2025-01-31T12:01:58","guid":{"rendered":"https:\/\/marimetals.reinisp.id.lv\/?post_type=product&#038;p=4806"},"modified":"2025-01-31T12:02:27","modified_gmt":"2025-01-31T12:02:27","slug":"pilns-komplekts-bidamajiem-vartiem","status":"publish","type":"product","link":"https:\/\/marimetals.lv\/en\/produkts\/pilns-komplekts-bidamajiem-vartiem\/","title":{"rendered":"Pilns komplekts b\u012bd\u0101majiem v\u0101rtiem"},"content":{"rendered":"<p>LIFE AC4R autom\u0101tika b\u012bd\u0101miem v\u0101rtiem. Paredz\u0113ta v\u0113rtn\u0113m l\u012bdz 6M platum\u0101, un l\u012bdz 400kg (ir pieejami ar\u012b 600kg un 800kg motori). Motora spriegums &#8211; 230V. Komplekt\u0101 ietilpst viens AC4R motors ar ieb\u016bv\u0113tu vad\u012bbas bloku, SPL sign\u0101llampa, VISIO fotoelementi un divas t\u0101lvad\u012bbas pultis.<\/p>","protected":false},"excerpt":{"rendered":"<p>LIFE AC4R autom\u0101tika b\u012bd\u0101miem v\u0101rtiem. Paredz\u0113ta v\u0113rtn\u0113m l\u012bdz 6M platum\u0101, un l\u012bdz 400kg (ir pieejami ar\u012b 600kg un 800kg motori). Motora spriegums &#8211; 230V. Komplekt\u0101 ietilpst viens AC4R motors ar&hellip;<\/p>","protected":false},"featured_media":4843,"comment_status":"closed","ping_status":"closed","template":"","meta":[],"product_brand":[],"product_cat":[26],"product_tag":[],"class_list":{"0":"post-4806","1":"product","2":"type-product","3":"status-publish","4":"has-post-thumbnail","6":"product_cat-automatikas-komplekti","8":"first","9":"instock","10":"shipping-taxable","11":"product-type-simple"},"aioseo_notices":[],"_links":{"self":[{"href":"https:\/\/marimetals.lv\/en\/wp-json\/wp\/v2\/product\/4806","targetHints":{"allow":["GET"]}}],"collection":[{"href":"https:\/\/marimetals.lv\/en\/wp-json\/wp\/v2\/product"}],"about":[{"href":"https:\/\/marimetals.lv\/en\/wp-json\/wp\/v2\/types\/product"}],"replies":[{"embeddable":true,"href":"https:\/\/marimetals.lv\/en\/wp-json\/wp\/v2\/comments?post=4806"}],"wp:featuredmedia":[{"embeddable":true,"href":"https:\/\/marimetals.lv\/en\/wp-json\/wp\/v2\/media\/4843"}],"wp:attachment":[{"href":"https:\/\/marimetals.lv\/en\/wp-json\/wp\/v2\/media?parent=4806"}],"wp:term":[{"taxonomy":"product_brand","embeddable":true,"href":"https:\/\/marimetals.lv\/en\/wp-json\/wp\/v2\/product_brand?post=4806"},{"taxonomy":"product_cat","embeddable":true,"href":"https:\/\/marimetals.lv\/en\/wp-json\/wp\/v2\/product_cat?post=4806"},{"taxonomy":"product_tag","embeddable":true,"href":"https:\/\/marimetals.lv\/en\/wp-json\/wp\/v2\/product_tag?post=4806"}],"curies":[{"name":"wp","href":"https:\/\/api.w.org\/{rel}","templated":true}]}}