{"id":4807,"date":"2025-01-31T12:01:59","date_gmt":"2025-01-31T12:01:59","guid":{"rendered":"https:\/\/marimetals.reinisp.id.lv\/?post_type=product&#038;p=4807"},"modified":"2025-01-31T12:02:28","modified_gmt":"2025-01-31T12:02:28","slug":"pilns-komplekts-veramajiem-vartiem","status":"publish","type":"product","link":"https:\/\/marimetals.lv\/en\/produkts\/pilns-komplekts-veramajiem-vartiem\/","title":{"rendered":"Pilns komplekts veramajiem v\u0101rtiem"},"content":{"rendered":"<p>LIFE OP3 UNI autom\u0101tika veramajiem v\u0101rtiem. Paredz\u0113ta v\u0113rtn\u0113m l\u012bdz 3M platum\u0101, un l\u012bdz 800kg. Motora spriegums &#8211; 230V. Komplekt\u0101 ietilpst divi OP3 UNI motori, RGUNIDL vad\u012bbas bloks, SPL sign\u0101llampa, VISIO fotoelementi un divas DREAM t\u0101lvad\u012bbas pultis.<\/p>","protected":false},"excerpt":{"rendered":"<p>LIFE OP3 UNI autom\u0101tika veramajiem v\u0101rtiem. Paredz\u0113ta v\u0113rtn\u0113m l\u012bdz 3M platum\u0101, un l\u012bdz 800kg. Motora spriegums &#8211; 230V. Komplekt\u0101 ietilpst divi OP3 UNI motori, RGUNIDL vad\u012bbas bloks, SPL sign\u0101llampa, VISIO&hellip;<\/p>","protected":false},"featured_media":4844,"comment_status":"closed","ping_status":"closed","template":"","meta":[],"product_brand":[],"product_cat":[26],"product_tag":[],"class_list":{"0":"post-4807","1":"product","2":"type-product","3":"status-publish","4":"has-post-thumbnail","6":"product_cat-automatikas-komplekti","8":"first","9":"instock","10":"shipping-taxable","11":"product-type-simple"},"aioseo_notices":[],"_links":{"self":[{"href":"https:\/\/marimetals.lv\/en\/wp-json\/wp\/v2\/product\/4807","targetHints":{"allow":["GET"]}}],"collection":[{"href":"https:\/\/marimetals.lv\/en\/wp-json\/wp\/v2\/product"}],"about":[{"href":"https:\/\/marimetals.lv\/en\/wp-json\/wp\/v2\/types\/product"}],"replies":[{"embeddable":true,"href":"https:\/\/marimetals.lv\/en\/wp-json\/wp\/v2\/comments?post=4807"}],"wp:featuredmedia":[{"embeddable":true,"href":"https:\/\/marimetals.lv\/en\/wp-json\/wp\/v2\/media\/4844"}],"wp:attachment":[{"href":"https:\/\/marimetals.lv\/en\/wp-json\/wp\/v2\/media?parent=4807"}],"wp:term":[{"taxonomy":"product_brand","embeddable":true,"href":"https:\/\/marimetals.lv\/en\/wp-json\/wp\/v2\/product_brand?post=4807"},{"taxonomy":"product_cat","embeddable":true,"href":"https:\/\/marimetals.lv\/en\/wp-json\/wp\/v2\/product_cat?post=4807"},{"taxonomy":"product_tag","embeddable":true,"href":"https:\/\/marimetals.lv\/en\/wp-json\/wp\/v2\/product_tag?post=4807"}],"curies":[{"name":"wp","href":"https:\/\/api.w.org\/{rel}","templated":true}]}}