{"id":4808,"date":"2025-01-31T12:01:59","date_gmt":"2025-01-31T12:01:59","guid":{"rendered":"https:\/\/marimetals.reinisp.id.lv\/?post_type=product&#038;p=4808"},"modified":"2025-01-31T12:02:34","modified_gmt":"2025-01-31T12:02:34","slug":"taisnstura-caurules","status":"publish","type":"product","link":"https:\/\/marimetals.lv\/en\/produkts\/taisnstura-caurules\/","title":{"rendered":"Taisnst\u016bra caurules"},"content":{"rendered":"<p><span style=\"color: #000000\">Visi tabul\u0101 redzamie materi\u0101li, kam nor\u0101d\u012bta cena, pieejami uz vietas noliktav\u0101\u00a0 jau \u0161odien. Liel\u0101kiem daudzumiem piem\u0113rojam atlaides. <\/span><span style=\"color: #000000\">Par pieejamiem daudzumiem un citiem izm\u0113riem interes\u0113ties pa tel.26305483, kontaktu form\u0101 vai pa e-pastu info@setasunvarti.com<\/span><\/p>\n<table class=\"aligncenter\" style=\"height: 800px;width: 600px\" width=\"544\" cellspacing=\"120\" cellpadding=\"25\">\n<tbody>\n<tr style=\"height: 10px\">\n<td style=\"vertical-align: top;width: 120px;height: 20px\"><span style=\"font-size: 10pt;color: #000000\"><em>Izm\u0113ri, mm<\/em><\/span><\/td>\n<td style=\"vertical-align: top;width: 120px;height: 20px\"><span style=\"font-size: 10pt;color: #000000\"><em>Garums, mm<\/em><\/span><\/td>\n<td style=\"vertical-align: top;width: 120px;height: 20px\"><span style=\"font-size: 10pt;color: #000000\"><em>Marka<\/em><\/span><\/td>\n<td style=\"vertical-align: top;width: 120px;height: 20px\"><span style=\"font-size: 10pt;color: #000000\"><em>Cena par 1m ar PVN<\/em><\/span><\/td>\n<td style=\"vertical-align: top;width: 120px;height: 20px\"><span style=\"font-size: 10pt;color: #000000\"><em>Cena par 1m bez PVN<\/em><\/span><\/td>\n<\/tr>\n<tr style=\"height: 20px\">\n<td style=\"width: 120px;height: 20px\"><span style=\"color: #000000;font-size: 10pt\">30x20x2.0<\/span><\/td>\n<td style=\"width: 120px;height: 20px\"><span style=\"color: #000000;font-size: 10pt\">6000<\/span><\/td>\n<td style=\"width: 120px;height: 20px\"><span style=\"color: #000000;font-size: 10pt\">S235<\/span><\/td>\n<td style=\"width: 120px;height: 20px\"><\/td>\n<td style=\"width: 120px;height: 20px\"><\/td>\n<\/tr>\n<tr style=\"height: 20px\">\n<td style=\"width: 120px;height: 20px\"><span style=\"color: #000000;font-size: 10pt\">40x20x2.0<\/span><\/td>\n<td style=\"width: 120px;height: 20px\"><span style=\"color: #000000;font-size: 10pt\">6000<\/span><\/td>\n<td style=\"width: 120px;height: 20px\"><span style=\"color: #000000;font-size: 10pt\">S235<\/span><\/td>\n<td style=\"width: 120px;height: 20px\"><span style=\"color: #000000;font-size: 10pt\">3.00<\/span><\/td>\n<td style=\"width: 120px;height: 20px\"><span style=\"color: #000000;font-size: 10pt\">2.48<\/span><\/td>\n<\/tr>\n<tr style=\"height: 20px\">\n<td style=\"width: 120px;height: 20px\"><span style=\"color: #000000;font-size: 10pt\">40x25x2.0<\/span><\/td>\n<td style=\"width: 120px;height: 20px\"><span style=\"color: #000000;font-size: 10pt\">6000<\/span><\/td>\n<td style=\"width: 120px;height: 20px\"><span style=\"color: #000000;font-size: 10pt\">S235<\/span><\/td>\n<td style=\"width: 120px;height: 20px\"><span style=\"color: #000000;font-size: 10pt\">3.11<\/span><\/td>\n<td style=\"width: 120px;height: 20px\"><span style=\"color: #000000;font-size: 10pt\">2.57<\/span><\/td>\n<\/tr>\n<tr style=\"height: 20px\">\n<td style=\"width: 120px;height: 20px\"><span style=\"color: #000000;font-size: 10pt\">40x30x2.0<\/span><\/td>\n<td style=\"width: 120px;height: 20px\"><span style=\"color: #000000;font-size: 10pt\">6000<\/span><\/td>\n<td style=\"width: 120px;height: 20px\"><span style=\"color: #000000;font-size: 10pt\">S235<\/span><\/td>\n<td style=\"width: 120px;height: 20px\"><\/td>\n<td style=\"width: 120px;height: 20px\"><\/td>\n<\/tr>\n<tr style=\"height: 20px\">\n<td style=\"width: 120px;height: 20px\"><span style=\"color: #000000;font-size: 10pt\">40x30x3.0<\/span><\/td>\n<td style=\"width: 120px;height: 20px\"><span style=\"color: #000000;font-size: 10pt\">6000<\/span><\/td>\n<td style=\"width: 120px;height: 20px\"><span style=\"color: #000000;font-size: 10pt\">S235<\/span><\/td>\n<td style=\"width: 120px;height: 20px\"><\/td>\n<td style=\"width: 120px;height: 20px\"><\/td>\n<\/tr>\n<tr style=\"height: 20px\">\n<td style=\"width: 120px;height: 20px\"><span style=\"color: #000000;font-size: 10pt\">50x25x2.0<\/span><\/td>\n<td style=\"width: 120px;height: 20px\"><span style=\"color: #000000;font-size: 10pt\">6000<\/span><\/td>\n<td style=\"width: 120px;height: 20px\"><span style=\"color: #000000;font-size: 10pt\">S235<\/span><\/td>\n<td style=\"width: 120px;height: 20px\"><\/td>\n<td style=\"width: 120px;height: 20px\"><\/td>\n<\/tr>\n<tr style=\"height: 20px\">\n<td style=\"width: 120px;height: 20px\"><span style=\"color: #000000;font-size: 10pt\">50x30x2.0<\/span><\/td>\n<td style=\"width: 120px;height: 20px\"><span style=\"color: #000000;font-size: 10pt\">6000<\/span><\/td>\n<td style=\"width: 120px;height: 20px\"><span style=\"color: #000000;font-size: 10pt\">S235<\/span><\/td>\n<td style=\"width: 120px;height: 20px\"><\/td>\n<td style=\"width: 120px;height: 20px\"><\/td>\n<\/tr>\n<tr style=\"height: 20px\">\n<td style=\"width: 120px;height: 20px\"><span style=\"color: #000000;font-size: 10pt\">50x30x3.0<\/span><\/td>\n<td style=\"width: 120px;height: 20px\"><span style=\"color: #000000;font-size: 10pt\">6000<\/span><\/td>\n<td style=\"width: 120px;height: 20px\"><span style=\"color: #000000;font-size: 10pt\">S235<\/span><\/td>\n<td style=\"width: 120px;height: 20px\"><\/td>\n<td style=\"width: 120px;height: 20px\"><\/td>\n<\/tr>\n<tr>\n<td style=\"width: 120px\"><span style=\"color: #000000;font-size: 10pt\">60x30x2.0<\/span><\/td>\n<td style=\"width: 120px\"><span style=\"color: #000000;font-size: 10pt\">6000<\/span><\/td>\n<td style=\"width: 120px\"><span style=\"color: #000000;font-size: 10pt\">S235<\/span><\/td>\n<td style=\"width: 120px\"><\/td>\n<td style=\"width: 120px\"><\/td>\n<\/tr>\n<tr>\n<td style=\"width: 120px\"><span style=\"color: #000000;font-size: 10pt\">60x40x2.0<\/span><\/td>\n<td style=\"width: 120px\"><span style=\"color: #000000;font-size: 10pt\">6000<\/span><\/td>\n<td style=\"width: 120px\"><span style=\"color: #000000;font-size: 10pt\">S235<\/span><\/td>\n<td style=\"width: 120px\"><span style=\"color: #000000;font-size: 10pt\">4.80<\/span><\/td>\n<td style=\"width: 120px\"><span style=\"color: #000000;font-size: 10pt\">3.97<\/span><\/td>\n<\/tr>\n<tr style=\"height: 22px\">\n<td style=\"width: 120px;height: 20px\"><span style=\"color: #000000;font-size: 10pt\">60x40x3.0<\/span><\/td>\n<td style=\"width: 120px;height: 20px\"><span style=\"color: #000000;font-size: 10pt\">6000<\/span><\/td>\n<td style=\"width: 120px;height: 20px\"><span style=\"color: #000000;font-size: 10pt\">S235<\/span><\/td>\n<td style=\"width: 120px;height: 20px\"><\/td>\n<td style=\"width: 120px;height: 20px\"><\/td>\n<\/tr>\n<tr style=\"height: 22px\">\n<td style=\"width: 120px;height: 25px\"><span style=\"color: #000000;font-size: 10pt\">80x40x2.0<\/span><\/td>\n<td style=\"width: 120px;height: 25px\"><span style=\"color: #000000;font-size: 10pt\">6000<\/span><\/td>\n<td style=\"width: 120px;height: 25px\"><span style=\"color: #000000;font-size: 10pt\">S235<\/span><\/td>\n<td style=\"width: 120px;height: 25px\"><span style=\"color: #000000;font-size: 10pt\">5.77<\/span><\/td>\n<td style=\"width: 120px;height: 25px\"><span style=\"color: #000000;font-size: 10pt\">4.77<\/span><\/td>\n<\/tr>\n<tr style=\"height: 22px\">\n<td style=\"width: 120px;height: 25px\"><span style=\"color: #000000;font-size: 10pt\">80x60x2.0<\/span><\/td>\n<td style=\"width: 120px;height: 25px\"><span style=\"color: #000000;font-size: 10pt\">6000<\/span><\/td>\n<td style=\"width: 120px;height: 25px\"><span style=\"color: #000000;font-size: 10pt\">S235<\/span><\/td>\n<td style=\"width: 120px;height: 25px\"><span style=\"color: #000000;font-size: 10pt\">8.00<\/span><\/td>\n<td style=\"width: 120px;height: 25px\"><span style=\"color: #000000;font-size: 10pt\">6.61<\/span><\/td>\n<\/tr>\n<tr style=\"height: 22px\">\n<td style=\"width: 120px;height: 25px\"><span style=\"color: #000000;font-size: 10pt\">100x50x2.0<\/span><\/td>\n<td style=\"width: 120px;height: 25px\"><span style=\"color: #000000;font-size: 10pt\">6000<\/span><\/td>\n<td style=\"width: 120px;height: 25px\"><span style=\"color: #000000;font-size: 10pt\">S235<\/span><\/td>\n<td style=\"width: 120px;height: 25px\"><span style=\"color: #000000;font-size: 10pt\">10.00<\/span><\/td>\n<td style=\"width: 120px;height: 25px\"><span style=\"color: #000000;font-size: 10pt\">8.26<\/span><\/td>\n<\/tr>\n<\/tbody>\n<\/table>\n<p>&nbsp;<\/p>","protected":false},"excerpt":{"rendered":"<p>Visi tabul\u0101 redzamie materi\u0101li, kam nor\u0101d\u012bta cena, pieejami uz vietas noliktav\u0101\u00a0 jau \u0161odien. Liel\u0101kiem daudzumiem piem\u0113rojam atlaides. Par pieejamiem daudzumiem un citiem izm\u0113riem interes\u0113ties pa tel.26305483, kontaktu form\u0101 vai pa&hellip;<\/p>","protected":false},"featured_media":4845,"comment_status":"closed","ping_status":"closed","template":"","meta":[],"product_brand":[],"product_cat":[24],"product_tag":[],"class_list":{"0":"post-4808","1":"product","2":"type-product","3":"status-publish","4":"has-post-thumbnail","6":"product_cat-metalmateriali","8":"first","9":"instock","10":"shipping-taxable","11":"product-type-simple"},"aioseo_notices":[],"_links":{"self":[{"href":"https:\/\/marimetals.lv\/en\/wp-json\/wp\/v2\/product\/4808","targetHints":{"allow":["GET"]}}],"collection":[{"href":"https:\/\/marimetals.lv\/en\/wp-json\/wp\/v2\/product"}],"about":[{"href":"https:\/\/marimetals.lv\/en\/wp-json\/wp\/v2\/types\/product"}],"replies":[{"embeddable":true,"href":"https:\/\/marimetals.lv\/en\/wp-json\/wp\/v2\/comments?post=4808"}],"wp:featuredmedia":[{"embeddable":true,"href":"https:\/\/marimetals.lv\/en\/wp-json\/wp\/v2\/media\/4845"}],"wp:attachment":[{"href":"https:\/\/marimetals.lv\/en\/wp-json\/wp\/v2\/media?parent=4808"}],"wp:term":[{"taxonomy":"product_brand","embeddable":true,"href":"https:\/\/marimetals.lv\/en\/wp-json\/wp\/v2\/product_brand?post=4808"},{"taxonomy":"product_cat","embeddable":true,"href":"https:\/\/marimetals.lv\/en\/wp-json\/wp\/v2\/product_cat?post=4808"},{"taxonomy":"product_tag","embeddable":true,"href":"https:\/\/marimetals.lv\/en\/wp-json\/wp\/v2\/product_tag?post=4808"}],"curies":[{"name":"wp","href":"https:\/\/api.w.org\/{rel}","templated":true}]}}