{"id":4809,"date":"2025-01-31T12:01:59","date_gmt":"2025-01-31T12:01:59","guid":{"rendered":"https:\/\/marimetals.reinisp.id.lv\/?post_type=product&#038;p=4809"},"modified":"2025-01-31T12:02:39","modified_gmt":"2025-01-31T12:02:39","slug":"u-profili-svelleri","status":"publish","type":"product","link":"https:\/\/marimetals.lv\/en\/produkts\/u-profili-svelleri\/","title":{"rendered":"U-profili, \u0161velleri"},"content":{"rendered":"<p><span style=\"color: #000000\">Tabul\u0101 redzamie materi\u0101li, kam nor\u0101d\u012bta cena, pieejami uz vietas noliktav\u0101\u00a0 jau \u0161odien. Liel\u0101kiem daudzumiem piem\u0113rojam atlaides. <\/span><span style=\"color: #000000\">Par pieejamiem daudzumiem un citiem izm\u0113riem interes\u0113ties pa tel.26305483, kontaktu form\u0101 vai pa e-pastu info@seasunvarti.com<\/span><\/p>\n<table class=\"aligncenter\" style=\"height: 326px;width: 60.5648%\" width=\"600\" cellspacing=\"120\" cellpadding=\"25\">\n<tbody>\n<tr style=\"height: 10px\">\n<td style=\"vertical-align: top;width: 29.7659%;height: 20px;text-align: center\"><span style=\"font-size: 10pt;color: #000000\"><em>Izm\u0113ri, mm<\/em><\/span><\/td>\n<td style=\"vertical-align: top;width: 12.709%;height: 20px;text-align: center\"><span style=\"font-size: 10pt;color: #000000\"><em>Garums, mm<\/em><\/span><\/td>\n<td style=\"vertical-align: top;width: 13.2107%;height: 20px;text-align: center\"><span style=\"font-size: 10pt;color: #000000\"><em>Marka<\/em><\/span><\/td>\n<td style=\"vertical-align: top;width: 16.8896%;height: 20px;text-align: center\"><span style=\"font-size: 10pt;color: #000000\"><em>Cena par 1m ar PVN<\/em><\/span><\/td>\n<td style=\"vertical-align: top;width: 17.893%;height: 20px;text-align: center\"><span style=\"font-size: 10pt;color: #000000\"><em>Cena par 1m bez PVN<\/em><\/span><\/td>\n<\/tr>\n<tr style=\"height: 20px\">\n<td style=\"width: 29.7659%;height: 20px;text-align: center\"><span style=\"color: #000000;font-size: 10pt\">40x30x30x3.0 A\/L<\/span><\/td>\n<td style=\"width: 12.709%;height: 20px;text-align: center\"><span style=\"color: #000000;font-size: 10pt\">6000<\/span><\/td>\n<td style=\"width: 13.2107%;height: 20px;text-align: center\"><span style=\"color: #000000;font-size: 10pt\">S235<\/span><\/td>\n<td style=\"width: 16.8896%;height: 20px;text-align: center\"><span style=\"color: #000000;font-size: 10pt\">4.40<\/span><\/td>\n<td style=\"width: 17.893%;height: 20px;text-align: center\"><span style=\"color: #000000;font-size: 10pt\">3.64<\/span><\/td>\n<\/tr>\n<tr style=\"height: 20px\">\n<td style=\"width: 29.7659%;height: 20px;text-align: center\"><span style=\"color: #000000;font-size: 10pt\">80x40x40x3.0 A\/L<\/span><\/td>\n<td style=\"width: 12.709%;height: 20px;text-align: center\"><span style=\"color: #000000;font-size: 10pt\">6000<\/span><\/td>\n<td style=\"width: 13.2107%;height: 20px;text-align: center\"><span style=\"color: #000000;font-size: 10pt\">S235<\/span><\/td>\n<td style=\"width: 16.8896%;height: 20px;text-align: center\"><\/td>\n<td style=\"width: 17.893%;height: 20px;text-align: center\"><\/td>\n<\/tr>\n<tr style=\"height: 20px\">\n<td style=\"width: 29.7659%;height: 20px;text-align: center\"><span style=\"color: #000000;font-size: 10pt\">100x50x50x3.0 A\/L<\/span><\/td>\n<td style=\"width: 12.709%;height: 20px;text-align: center\"><span style=\"color: #000000;font-size: 10pt\">6000<\/span><\/td>\n<td style=\"width: 13.2107%;height: 20px;text-align: center\"><span style=\"color: #000000;font-size: 10pt\">S355<\/span><\/td>\n<td style=\"width: 16.8896%;height: 20px;text-align: center\"><\/td>\n<td style=\"width: 17.893%;height: 20px;text-align: center\"><\/td>\n<\/tr>\n<tr style=\"height: 20px\">\n<td style=\"width: 29.7659%;height: 20px;text-align: center\"><span style=\"color: #000000;font-size: 10pt\">UPE100<\/span><\/td>\n<td style=\"width: 12.709%;height: 20px;text-align: center\"><span style=\"color: #000000;font-size: 10pt\">6100<\/span><\/td>\n<td style=\"width: 13.2107%;height: 20px;text-align: center\"><span style=\"color: #000000;font-size: 10pt\">S355<\/span><\/td>\n<td style=\"width: 16.8896%;height: 20px;text-align: center\"><span style=\"color: #000000;font-size: 10pt\">12.00<\/span><\/td>\n<td style=\"width: 17.893%;height: 20px;text-align: center\"><span style=\"color: #000000;font-size: 10pt\">9.91<\/span><\/td>\n<\/tr>\n<tr style=\"height: 20px\">\n<td style=\"width: 29.7659%;height: 20px;text-align: center\"><span style=\"color: #000000;font-size: 10pt\">120x50x50x4.0 A\/L<\/span><\/td>\n<td style=\"width: 12.709%;height: 20px;text-align: center\"><span style=\"color: #000000;font-size: 10pt\">6000<\/span><\/td>\n<td style=\"width: 13.2107%;height: 20px;text-align: center\"><span style=\"color: #000000;font-size: 10pt\">S235<\/span><\/td>\n<td style=\"width: 16.8896%;height: 20px;text-align: center\"><span style=\"color: #000000;font-size: 10pt\">8.80<\/span><\/td>\n<td style=\"width: 17.893%;height: 20px;text-align: center\"><span style=\"color: #000000;font-size: 10pt\">7.28<\/span><\/td>\n<\/tr>\n<tr style=\"height: 20px\">\n<td style=\"width: 29.7659%;height: 20px;text-align: center\"><span style=\"color: #000000;font-size: 10pt\">UPE120<\/span><\/td>\n<td style=\"width: 12.709%;height: 20px;text-align: center\"><span style=\"color: #000000;font-size: 10pt\">6100<\/span><\/td>\n<td style=\"width: 13.2107%;height: 20px;text-align: center\"><span style=\"color: #000000;font-size: 10pt\">S355<\/span><\/td>\n<td style=\"width: 16.8896%;height: 20px;text-align: center\"><\/td>\n<td style=\"width: 17.893%;height: 20px;text-align: center\"><\/td>\n<\/tr>\n<tr style=\"height: 20px\">\n<td style=\"width: 29.7659%;height: 20px;text-align: center\"><span style=\"color: #000000;font-size: 10pt\">UPE140<\/span><\/td>\n<td style=\"width: 12.709%;height: 20px;text-align: center\"><span style=\"color: #000000;font-size: 10pt\">6100<\/span><\/td>\n<td style=\"width: 13.2107%;height: 20px;text-align: center\"><span style=\"color: #000000;font-size: 10pt\">S355<\/span><\/td>\n<td style=\"width: 16.8896%;height: 20px;text-align: center\"><\/td>\n<td style=\"width: 17.893%;height: 20px;text-align: center\"><\/td>\n<\/tr>\n<\/tbody>\n<\/table>\n<p>&nbsp;<\/p>","protected":false},"excerpt":{"rendered":"<p>Tabul\u0101 redzamie materi\u0101li, kam nor\u0101d\u012bta cena, pieejami uz vietas noliktav\u0101\u00a0 jau \u0161odien. Liel\u0101kiem daudzumiem piem\u0113rojam atlaides. Par pieejamiem daudzumiem un citiem izm\u0113riem interes\u0113ties pa tel.26305483, kontaktu form\u0101 vai pa e-pastu&hellip;<\/p>","protected":false},"featured_media":4846,"comment_status":"closed","ping_status":"closed","template":"","meta":[],"product_brand":[],"product_cat":[24],"product_tag":[],"class_list":{"0":"post-4809","1":"product","2":"type-product","3":"status-publish","4":"has-post-thumbnail","6":"product_cat-metalmateriali","8":"first","9":"instock","10":"shipping-taxable","11":"product-type-simple"},"aioseo_notices":[],"_links":{"self":[{"href":"https:\/\/marimetals.lv\/en\/wp-json\/wp\/v2\/product\/4809","targetHints":{"allow":["GET"]}}],"collection":[{"href":"https:\/\/marimetals.lv\/en\/wp-json\/wp\/v2\/product"}],"about":[{"href":"https:\/\/marimetals.lv\/en\/wp-json\/wp\/v2\/types\/product"}],"replies":[{"embeddable":true,"href":"https:\/\/marimetals.lv\/en\/wp-json\/wp\/v2\/comments?post=4809"}],"wp:featuredmedia":[{"embeddable":true,"href":"https:\/\/marimetals.lv\/en\/wp-json\/wp\/v2\/media\/4846"}],"wp:attachment":[{"href":"https:\/\/marimetals.lv\/en\/wp-json\/wp\/v2\/media?parent=4809"}],"wp:term":[{"taxonomy":"product_brand","embeddable":true,"href":"https:\/\/marimetals.lv\/en\/wp-json\/wp\/v2\/product_brand?post=4809"},{"taxonomy":"product_cat","embeddable":true,"href":"https:\/\/marimetals.lv\/en\/wp-json\/wp\/v2\/product_cat?post=4809"},{"taxonomy":"product_tag","embeddable":true,"href":"https:\/\/marimetals.lv\/en\/wp-json\/wp\/v2\/product_tag?post=4809"}],"curies":[{"name":"wp","href":"https:\/\/api.w.org\/{rel}","templated":true}]}}