{"id":4812,"date":"2025-01-31T12:01:59","date_gmt":"2025-01-31T12:01:59","guid":{"rendered":"https:\/\/marimetals.reinisp.id.lv\/?post_type=product&#038;p=4812"},"modified":"2025-01-31T12:02:57","modified_gmt":"2025-01-31T12:02:57","slug":"zoga-paneli-2d","status":"publish","type":"product","link":"https:\/\/marimetals.lv\/en\/produkts\/zoga-paneli-2d\/","title":{"rendered":"\u017doga pane\u013ci 2D"},"content":{"rendered":"<p><span style=\"font-size: 10pt;color: #000000\">Izmantojami gan priv\u0101tm\u0101ju, gan komercobjektu teritorijas no\u017eogojumam. Metin\u0101ti no cinkotas stieples un kr\u0101soti ar pulverkr\u0101so\u0161anas metodi, kas nodro\u0161ina kr\u0101sas notur\u012bbu. Standarta kr\u0101sas za\u013ca (RAL 6005), br\u016bna (RAL8017), pel\u0113ka (RAL7016), k\u0101 ar\u012b piejams nekr\u0101sots, karsti cinkots panelis. P\u0113c pas\u016bt\u012bjuma iesp\u0113jamas ar\u012b citas kr\u0101sas. Pieejami pane\u013ci ar da\u017e\u0101diem stieples diamteriem (sk.tabul\u0101).<\/span><\/p>\n<p><span style=\"font-size: 10pt;color: #000000\">\u2022 No\u017eogojuma panelis izgatavots no abpus\u0113ji sametin\u0101t\u0101m divk\u0101r\u0161\u0101m horizont\u0101l\u0101m stiepl\u0113m un vienas k\u0101rtas vertik\u0101lu met\u0101la stiep\u013cu<\/span><br \/>\n<span style=\"font-size: 10pt;color: #000000\">\u2022 Pane\u013ca platums: 2505 mm<\/span><br \/>\n<span style=\"font-size: 10pt;color: #000000\">\u2022 Pane\u013ca augstums: skat.tabul\u0101<\/span><br \/>\n<span style=\"font-size: 10pt;color: #000000\">\u2022 Horizont\u0101lo stiep\u013cu diametrs: 6 mm<\/span><br \/>\n<span style=\"font-size: 10pt;color: #000000\">\u2022 Vertik\u0101lais stieples diametrs: 5 mm<\/span><br \/>\n<span style=\"font-size: 10pt;color: #000000\">\u2022 Att\u0101lums starp horizont\u0101laj\u0101m stiepl\u0113m: 200 mm<\/span><br \/>\n<span style=\"font-size: 10pt;color: #000000\">\u2022 Att\u0101lums starp vertik\u0101laj\u0101m stiepl\u0113m: 50 mm<\/span><\/p>\n<table class=\"aligncenter\" style=\"width: 600px\" width=\"600\" cellspacing=\"120\">\n<tbody>\n<tr>\n<td width=\"111\"><span style=\"color: #000000;font-size: 10pt\">Stieples<\/span><br \/>\n<span style=\"color: #000000;font-size: 10pt\">\u00a0diam.,mm<\/span><\/td>\n<td width=\"111\"><span style=\"color: #000000;font-size: 10pt\">Augstums,<\/span><br \/>\n<span style=\"color: #000000;font-size: 10pt\">mm<\/span><\/td>\n<td width=\"111\"><span style=\"color: #000000;font-size: 10pt\">Kr\u0101sa<\/span><\/td>\n<td width=\"111\"><span style=\"color: #000000;font-size: 10pt\">Cena bez PVN,<\/span><br \/>\n<span style=\"color: #000000;font-size: 10pt\">EUR\/gab.<\/span><\/td>\n<td width=\"111\"><span style=\"color: #000000;font-size: 10pt\">Cena ar PVN,<\/span><br \/>\n<span style=\"color: #000000;font-size: 10pt\">EUR\/gab.<\/span><\/td>\n<\/tr>\n<tr>\n<td><span style=\"color: #000000;font-size: 10pt\">6|5|6<\/span><\/td>\n<td><span style=\"color: #000000;font-size: 10pt\">1400<\/span><\/td>\n<td><span style=\"color: #000000;font-size: 10pt\">za\u013c\u0161\/pel\u0113ks<\/span><\/td>\n<td><span style=\"color: #000000;font-size: 10pt\">34.20<\/span><\/td>\n<td><span style=\"color: #000000;font-size: 10pt\">41.38<\/span><\/td>\n<\/tr>\n<tr>\n<td><span style=\"color: #000000;font-size: 10pt\">6|5|6<\/span><\/td>\n<td><span style=\"color: #000000;font-size: 10pt\">1630<\/span><\/td>\n<td><span style=\"color: #000000;font-size: 10pt\">za\u013c\u0161\/pel\u0113ks<\/span><\/td>\n<td><span style=\"color: #000000;font-size: 10pt\">35.82<\/span><\/td>\n<td><span style=\"color: #000000;font-size: 10pt\">43.34<\/span><\/td>\n<\/tr>\n<tr>\n<td><span style=\"color: #000000;font-size: 10pt\">6|5|6<\/span><\/td>\n<td><span style=\"color: #000000;font-size: 10pt\">1830<\/span><\/td>\n<td><span style=\"color: #000000;font-size: 10pt\">za\u013c\u0161\/pel\u0113ks<\/span><\/td>\n<td><span style=\"color: #000000;font-size: 10pt\">39.00<\/span><\/td>\n<td><span style=\"color: #000000;font-size: 10pt\">47.16<\/span><\/td>\n<\/tr>\n<tr>\n<td><span style=\"color: #000000;font-size: 10pt\">6|5|6<\/span><\/td>\n<td><span style=\"color: #000000;font-size: 10pt\">2030<\/span><\/td>\n<td><span style=\"color: #000000;font-size: 10pt\">za\u013c\u0161\/pel\u0113ks<\/span><\/td>\n<td><span style=\"color: #000000;font-size: 10pt\">43.06<\/span><\/td>\n<td><span style=\"color: #000000;font-size: 10pt\">52.10<\/span><\/td>\n<\/tr>\n<tr>\n<td><span style=\"color: #000000;font-size: 10pt\">6|5|6<\/span><\/td>\n<td><span style=\"color: #000000;font-size: 10pt\">1430<\/span><\/td>\n<td><span style=\"color: #000000;font-size: 10pt\">cinkots<\/span><\/td>\n<td><span style=\"color: #000000;font-size: 8pt\">p\u0113c piepras\u012bjuma<\/span><\/td>\n<td><span style=\"color: #000000;font-size: 8pt\">p\u0113c piepras\u012bjuma<\/span><\/td>\n<\/tr>\n<tr>\n<td><span style=\"color: #000000;font-size: 10pt\">6|5|6<\/span><\/td>\n<td><span style=\"color: #000000;font-size: 10pt\">1630<\/span><\/td>\n<td><span style=\"color: #000000;font-size: 10pt\">cinkots<\/span><\/td>\n<td><span style=\"color: #000000;font-size: 8pt\">p\u0113c piepras\u012bjuma<\/span><\/td>\n<td><span style=\"color: #000000;font-size: 8pt\">p\u0113c piepras\u012bjuma<\/span><\/td>\n<\/tr>\n<tr>\n<td><span style=\"color: #000000;font-size: 10pt\">6|5|6<\/span><\/td>\n<td><span style=\"color: #000000;font-size: 10pt\">1830<\/span><\/td>\n<td><span style=\"color: #000000;font-size: 10pt\">cinkots<\/span><\/td>\n<td><span style=\"color: #000000;font-size: 8pt\">p\u0113c piepras\u012bjuma<\/span><\/td>\n<td><span style=\"color: #000000;font-size: 8pt\">p\u0113c piepras\u012bjuma<\/span><\/td>\n<\/tr>\n<tr>\n<td><span style=\"color: #000000;font-size: 10pt\">6|5|6<\/span><\/td>\n<td><span style=\"color: #000000;font-size: 10pt\">2030<\/span><\/td>\n<td><span style=\"color: #000000;font-size: 10pt\">cinkots<\/span><\/td>\n<td><span style=\"color: #000000;font-size: 8pt\">p\u0113c piepras\u012bjuma<\/span><\/td>\n<td><span style=\"color: #000000;font-size: 8pt\">p\u0113c piepras\u012bjuma<\/span><\/td>\n<\/tr>\n<tr>\n<td style=\"text-align: center\"><\/td>\n<td style=\"text-align: center\"><\/td>\n<td style=\"text-align: center\"><\/td>\n<td style=\"text-align: center\"><\/td>\n<td style=\"text-align: center\"><\/td>\n<\/tr>\n<tr>\n<td colspan=\"5\"><span style=\"color: #000000;font-size: 10pt\">Par citiem izm\u0113riem un kr\u0101s\u0101m interes\u0113ties zvanot t.26305483 vai rakstot uz info@setasunvarti.com<\/span><\/td>\n<\/tr>\n<\/tbody>\n<\/table>","protected":false},"excerpt":{"rendered":"<p>Izmantojami gan priv\u0101tm\u0101ju, gan komercobjektu teritorijas no\u017eogojumam. Metin\u0101ti no cinkotas stieples un kr\u0101soti ar pulverkr\u0101so\u0161anas metodi, kas nodro\u0161ina kr\u0101sas notur\u012bbu. Standarta kr\u0101sas za\u013ca (RAL 6005), br\u016bna (RAL8017), pel\u0113ka (RAL7016), k\u0101&hellip;<\/p>","protected":false},"featured_media":4859,"comment_status":"closed","ping_status":"closed","template":"","meta":[],"product_brand":[],"product_cat":[28],"product_tag":[],"class_list":{"0":"post-4812","1":"product","2":"type-product","3":"status-publish","4":"has-post-thumbnail","6":"product_cat-paneli","8":"first","9":"instock","10":"shipping-taxable","11":"product-type-simple"},"aioseo_notices":[],"_links":{"self":[{"href":"https:\/\/marimetals.lv\/en\/wp-json\/wp\/v2\/product\/4812","targetHints":{"allow":["GET"]}}],"collection":[{"href":"https:\/\/marimetals.lv\/en\/wp-json\/wp\/v2\/product"}],"about":[{"href":"https:\/\/marimetals.lv\/en\/wp-json\/wp\/v2\/types\/product"}],"replies":[{"embeddable":true,"href":"https:\/\/marimetals.lv\/en\/wp-json\/wp\/v2\/comments?post=4812"}],"wp:featuredmedia":[{"embeddable":true,"href":"https:\/\/marimetals.lv\/en\/wp-json\/wp\/v2\/media\/4859"}],"wp:attachment":[{"href":"https:\/\/marimetals.lv\/en\/wp-json\/wp\/v2\/media?parent=4812"}],"wp:term":[{"taxonomy":"product_brand","embeddable":true,"href":"https:\/\/marimetals.lv\/en\/wp-json\/wp\/v2\/product_brand?post=4812"},{"taxonomy":"product_cat","embeddable":true,"href":"https:\/\/marimetals.lv\/en\/wp-json\/wp\/v2\/product_cat?post=4812"},{"taxonomy":"product_tag","embeddable":true,"href":"https:\/\/marimetals.lv\/en\/wp-json\/wp\/v2\/product_tag?post=4812"}],"curies":[{"name":"wp","href":"https:\/\/api.w.org\/{rel}","templated":true}]}}