{"id":4826,"date":"2025-01-31T12:02:01","date_gmt":"2025-01-31T12:02:01","guid":{"rendered":"https:\/\/marimetals.reinisp.id.lv\/?post_type=product&#038;p=4826"},"modified":"2025-01-31T12:04:12","modified_gmt":"2025-01-31T12:04:12","slug":"skarda-seta","status":"publish","type":"product","link":"https:\/\/marimetals.lv\/en\/produkts\/skarda-seta\/","title":{"rendered":"Sk\u0101rda s\u0113ta"},"content":{"rendered":"<p>Ja J\u016bsu dz\u012bvojam\u0101s m\u0101jas vai uz\u0146\u0113muma teritorija j\u0101ie\u017eogo t\u0101, lai no \u0101rpuses s\u0113ta b\u016btu piln\u012bgi necaurredzama , vai J\u016bsu apsaimniekot\u0101 teritorija atrodas ne p\u0101r\u0101k gleznain\u0101 viet\u0101, tad k\u0101 risin\u0101jumu varam pied\u0101v\u0101t \u017eogu vai t\u0101 da\u013cu un v\u0101rtus izveidot no profil\u0113t\u0101 sk\u0101rda. Iesp\u0113jamas da\u017e\u0101das kr\u0101sas un da\u017e\u0101di augstumi.<br \/>\nOrient\u0113jo\u0161as kop\u0113j\u0101s  izmaksas s\u0113tai ar met\u0101la stabiem un \u0161\u0137\u0113rsstie\u0146iem ir ap 40 EUR\/tek.m. + PVN.<br \/>\nS\u016btiet inform\u0101ciju par objekta atra\u0161an\u0101s vietu, s\u0113tas garumu un augstumu uz e-pastu, un m\u0113s sagatavosim Jums cenu pied\u0101v\u0101jumu.<\/p>","protected":false},"excerpt":{"rendered":"<p>&#8216;<\/p>","protected":false},"featured_media":4896,"comment_status":"closed","ping_status":"closed","template":"","meta":[],"product_brand":[],"product_cat":[32],"product_tag":[],"class_list":{"0":"post-4826","1":"product","2":"type-product","3":"status-publish","4":"has-post-thumbnail","6":"product_cat-metala-posmi","8":"first","9":"instock","10":"shipping-taxable","11":"product-type-simple"},"aioseo_notices":[],"_links":{"self":[{"href":"https:\/\/marimetals.lv\/en\/wp-json\/wp\/v2\/product\/4826","targetHints":{"allow":["GET"]}}],"collection":[{"href":"https:\/\/marimetals.lv\/en\/wp-json\/wp\/v2\/product"}],"about":[{"href":"https:\/\/marimetals.lv\/en\/wp-json\/wp\/v2\/types\/product"}],"replies":[{"embeddable":true,"href":"https:\/\/marimetals.lv\/en\/wp-json\/wp\/v2\/comments?post=4826"}],"wp:featuredmedia":[{"embeddable":true,"href":"https:\/\/marimetals.lv\/en\/wp-json\/wp\/v2\/media\/4896"}],"wp:attachment":[{"href":"https:\/\/marimetals.lv\/en\/wp-json\/wp\/v2\/media?parent=4826"}],"wp:term":[{"taxonomy":"product_brand","embeddable":true,"href":"https:\/\/marimetals.lv\/en\/wp-json\/wp\/v2\/product_brand?post=4826"},{"taxonomy":"product_cat","embeddable":true,"href":"https:\/\/marimetals.lv\/en\/wp-json\/wp\/v2\/product_cat?post=4826"},{"taxonomy":"product_tag","embeddable":true,"href":"https:\/\/marimetals.lv\/en\/wp-json\/wp\/v2\/product_tag?post=4826"}],"curies":[{"name":"wp","href":"https:\/\/api.w.org\/{rel}","templated":true}]}}