{"id":4837,"date":"2025-01-31T12:02:23","date_gmt":"2025-01-31T12:02:23","guid":{"rendered":"https:\/\/marimetals.reinisp.id.lv\/?post_type=product&#038;p=4837"},"modified":"2025-01-31T12:04:41","modified_gmt":"2025-01-31T12:04:41","slug":"transporta-pakalpojumi","status":"publish","type":"product","link":"https:\/\/marimetals.lv\/en\/produkts\/transporta-pakalpojumi\/","title":{"rendered":"Transporta pakalpojumi"},"content":{"rendered":"<p>Pied\u0101v\u0101jam pie mums ieg\u0101d\u0101to met\u0101lmateri\u0101lu vai \u017eoga materi\u0101lu transport\u0113\u0161anu uz J\u016bsu nor\u0101d\u012bto adresi, k\u0101 ar\u012b veicam citu J\u016bsu kravu transport\u0113\u0161anu.<br \/>\nPieejamais transports:<\/p>\n<ul style=\"list-style-type: circle\">\n<li>Kravas mikroautobuss<\/li>\n<li>Piekabes<\/li>\n<\/ul>\n<p>Varam aizvest l\u012bdz l\u012bdz 7m garas deta\u013cas.<\/p>\n<p>Pakalpojuma cena tiek apr\u0113\u0137in\u0101ta individu\u0101li.<\/p>","protected":false},"excerpt":{"rendered":"<p>Pied\u0101v\u0101jam pie mums ieg\u0101d\u0101to met\u0101lmateri\u0101lu vai \u017eoga materi\u0101lu transport\u0113\u0161anu uz J\u016bsu nor\u0101d\u012bto adresi, k\u0101 ar\u012b veicam citu J\u016bsu kravu transport\u0113\u0161anu. Pieejamais transports: Kravas mikroautobuss Piekabes Varam aizvest l\u012bdz l\u012bdz 7m&hellip;<\/p>","protected":false},"featured_media":4909,"comment_status":"closed","ping_status":"closed","template":"","meta":[],"product_brand":[],"product_cat":[23],"product_tag":[],"class_list":{"0":"post-4837","1":"product","2":"type-product","3":"status-publish","4":"has-post-thumbnail","6":"product_cat-pakalpojumi","8":"first","9":"instock","10":"shipping-taxable","11":"product-type-simple"},"aioseo_notices":[],"_links":{"self":[{"href":"https:\/\/marimetals.lv\/en\/wp-json\/wp\/v2\/product\/4837","targetHints":{"allow":["GET"]}}],"collection":[{"href":"https:\/\/marimetals.lv\/en\/wp-json\/wp\/v2\/product"}],"about":[{"href":"https:\/\/marimetals.lv\/en\/wp-json\/wp\/v2\/types\/product"}],"replies":[{"embeddable":true,"href":"https:\/\/marimetals.lv\/en\/wp-json\/wp\/v2\/comments?post=4837"}],"wp:featuredmedia":[{"embeddable":true,"href":"https:\/\/marimetals.lv\/en\/wp-json\/wp\/v2\/media\/4909"}],"wp:attachment":[{"href":"https:\/\/marimetals.lv\/en\/wp-json\/wp\/v2\/media?parent=4837"}],"wp:term":[{"taxonomy":"product_brand","embeddable":true,"href":"https:\/\/marimetals.lv\/en\/wp-json\/wp\/v2\/product_brand?post=4837"},{"taxonomy":"product_cat","embeddable":true,"href":"https:\/\/marimetals.lv\/en\/wp-json\/wp\/v2\/product_cat?post=4837"},{"taxonomy":"product_tag","embeddable":true,"href":"https:\/\/marimetals.lv\/en\/wp-json\/wp\/v2\/product_tag?post=4837"}],"curies":[{"name":"wp","href":"https:\/\/api.w.org\/{rel}","templated":true}]}}