{"id":4838,"date":"2025-01-31T12:02:23","date_gmt":"2025-01-31T12:02:23","guid":{"rendered":"https:\/\/marimetals.reinisp.id.lv\/?post_type=product&#038;p=4838"},"modified":"2025-01-31T12:04:44","modified_gmt":"2025-01-31T12:04:44","slug":"apalie-stabi","status":"publish","type":"product","link":"https:\/\/marimetals.lv\/en\/produkts\/apalie-stabi\/","title":{"rendered":"Apa\u013cie stabi"},"content":{"rendered":"<p><span style=\"font-size: 10pt;color: #000000\">Stabi izgatavoti no apa\u013cas met\u0101la caurules. Parasti tiek izmantoti\u00a0 ru\u013c\u013cu sieta \u017eoga izb\u016bv\u0113. Pieejami da\u017e\u0101di diametri, garumi, sienas biezumi un apstr\u0101des veidi. Tabul\u0101 redzami popul\u0101r\u0101kie stabu izm\u0113ri. Par daudzumiem, citiem garumiem un diametriem interes\u0113ties zvanot.t.26305483, rakstot kontaktu form\u0101 vai uz e-pastu info@setasunvarti.com.<\/span><\/p>\n<table class=\"aligncenter\" style=\"width: 600px\" width=\"600\" cellspacing=\"120\" cellpadding=\"25\">\n<tbody>\n<tr>\n<td style=\"width: 123.75px;text-align: center\"><span style=\"font-size: 10pt\"><em><span style=\"color: #000000\">Diametrs, <\/span><\/em><\/span><br \/>\n<span style=\"font-size: 10pt\"><em><span style=\"color: #000000\">mm<\/span><\/em><\/span><\/td>\n<td style=\"width: 85.75px;text-align: center\"><span style=\"font-size: 10pt\"><em><span style=\"color: #000000\">Augstums,<\/span><\/em><\/span><br \/>\n<span style=\"font-size: 10pt\"><em><span style=\"color: #000000\">mm<\/span><\/em><\/span><\/td>\n<td style=\"width: 105.75px;text-align: center\"><span style=\"font-size: 10pt\"><em><span style=\"color: #000000\">Cena bez PVN,<\/span><\/em><\/span><br \/>\n<span style=\"font-size: 10pt\"><em><span style=\"color: #000000\">EUR\/gab.<\/span><\/em><\/span><\/td>\n<td style=\"width: 105.75px;text-align: center\"><span style=\"font-size: 10pt\"><em><span style=\"color: #000000\">Cena ar PVN,<\/span><\/em><\/span><br \/>\n<span style=\"font-size: 10pt\"><em><span style=\"color: #000000\">EUR\/gab.<\/span><\/em><\/span><\/td>\n<td style=\"width: 111.75px;text-align: center\"><span style=\"font-size: 10pt\"><em><span style=\"color: #000000\">Kr\u0101sa<\/span><\/em><\/span><\/td>\n<\/tr>\n<tr>\n<td style=\"width: 123.75px;text-align: center\"><span style=\"color: #000000;font-size: 10pt\">48 *ar gropi<\/span><\/td>\n<td style=\"width: 85.75px;text-align: center\"><span style=\"color: #000000;font-size: 10pt\">2000<\/span><\/td>\n<td style=\"width: 105.75px;text-align: center\"><span style=\"color: #000000;font-size: 10pt\">8.26<\/span><\/td>\n<td style=\"width: 105.75px;text-align: center\"><span style=\"color: #000000;font-size: 10pt\">10.00<\/span><\/td>\n<td style=\"width: 111.75px;text-align: center\"><span style=\"color: #000000;font-size: 10pt\">za\u013c\u0161<\/span><\/td>\n<\/tr>\n<tr>\n<td style=\"width: 123.75px;text-align: center\"><span style=\"color: #000000;font-size: 10pt\">48 *ar gropi<\/span><\/td>\n<td style=\"width: 85.75px;text-align: center\"><span style=\"color: #000000;font-size: 10pt\">2300<\/span><\/td>\n<td style=\"width: 105.75px;text-align: center\"><span style=\"color: #000000;font-size: 10pt\">8,68<\/span><\/td>\n<td style=\"width: 105.75px;text-align: center\"><span style=\"color: #000000;font-size: 10pt\">10.50<\/span><\/td>\n<td style=\"width: 111.75px;text-align: center\"><span style=\"color: #000000;font-size: 10pt\">za\u013c\u0161<\/span><\/td>\n<\/tr>\n<\/tbody>\n<\/table>","protected":false},"excerpt":{"rendered":"<p>Stabi izgatavoti no apa\u013cas met\u0101la caurules. Parasti tiek izmantoti\u00a0 ru\u013c\u013cu sieta \u017eoga izb\u016bv\u0113. Pieejami da\u017e\u0101di diametri, garumi, sienas biezumi un apstr\u0101des veidi. Tabul\u0101 redzami popul\u0101r\u0101kie stabu izm\u0113ri. Par daudzumiem, citiem&hellip;<\/p>","protected":false},"featured_media":4910,"comment_status":"closed","ping_status":"closed","template":"","meta":[],"product_brand":[],"product_cat":[29],"product_tag":[],"class_list":{"0":"post-4838","1":"product","2":"type-product","3":"status-publish","4":"has-post-thumbnail","6":"product_cat-stabi","8":"first","9":"instock","10":"shipping-taxable","11":"product-type-simple"},"aioseo_notices":[],"_links":{"self":[{"href":"https:\/\/marimetals.lv\/en\/wp-json\/wp\/v2\/product\/4838","targetHints":{"allow":["GET"]}}],"collection":[{"href":"https:\/\/marimetals.lv\/en\/wp-json\/wp\/v2\/product"}],"about":[{"href":"https:\/\/marimetals.lv\/en\/wp-json\/wp\/v2\/types\/product"}],"replies":[{"embeddable":true,"href":"https:\/\/marimetals.lv\/en\/wp-json\/wp\/v2\/comments?post=4838"}],"wp:featuredmedia":[{"embeddable":true,"href":"https:\/\/marimetals.lv\/en\/wp-json\/wp\/v2\/media\/4910"}],"wp:attachment":[{"href":"https:\/\/marimetals.lv\/en\/wp-json\/wp\/v2\/media?parent=4838"}],"wp:term":[{"taxonomy":"product_brand","embeddable":true,"href":"https:\/\/marimetals.lv\/en\/wp-json\/wp\/v2\/product_brand?post=4838"},{"taxonomy":"product_cat","embeddable":true,"href":"https:\/\/marimetals.lv\/en\/wp-json\/wp\/v2\/product_cat?post=4838"},{"taxonomy":"product_tag","embeddable":true,"href":"https:\/\/marimetals.lv\/en\/wp-json\/wp\/v2\/product_tag?post=4838"}],"curies":[{"name":"wp","href":"https:\/\/api.w.org\/{rel}","templated":true}]}}