{"id":4839,"date":"2025-01-31T12:02:24","date_gmt":"2025-01-31T12:02:24","guid":{"rendered":"https:\/\/marimetals.reinisp.id.lv\/?post_type=product&#038;p=4839"},"modified":"2025-01-31T12:04:52","modified_gmt":"2025-01-31T12:04:52","slug":"bidamie-varti","status":"publish","type":"product","link":"https:\/\/marimetals.lv\/en\/produkts\/bidamie-varti\/","title":{"rendered":"B\u012bd\u0101mie v\u0101rti"},"content":{"rendered":"<p><span style=\"font-family: 'times new roman', times, serif;font-size: 12pt\">Izgatavosim b\u012bd\u0101mos v\u0101rtus p\u0113c J\u016bsu dotajiem izm\u0113riem un dizaina. P\u0113c J\u016bsu izv\u0113les v\u0101rti b\u016bs pild\u012bti ar sietu, stiep\u013cu paneli vai d\u0113\u013ciem, p\u0113c kr\u0101sas un vizu\u0101l\u0101s formas pieska\u0146ojot tos p\u0101r\u0113jai s\u0113tai. B\u012bd\u0101mos v\u0101rtus iesp\u0113jams apr\u012bkot ar autom\u0101tiku, kas iev\u0113rojami atvieglo v\u0101rtu lieto\u0161anu ikdien\u0101. Ja nav v\u0113l\u0113\u0161an\u0101s vai iesp\u0113ju autom\u0101tikas pievieno\u0161anai, b\u012bd\u0101mos v\u0101rtus iesp\u0113jams apr\u012bkot ar meh\u0101nisko sl\u0113dzeni un rokturi, vai sl\u0113g\u0161\u0101nai imantot parastu piekaramo atsl\u0113gu. Autom\u0101tiku iesp\u0113jams pievienot ar\u012b jau eso\u0161iem v\u0101rtiem, nepiecie\u0161am\u012bbas gad\u012bjum\u0101 veicot v\u0101rtu r\u0101mja piel\u0101go\u0161anu autom\u0101tikai.<\/span><\/p>\n<p><span style=\"font-family: 'times new roman', times, serif;font-size: 12pt\">V\u0101rtu izmaksas atkar\u012bgas no r\u0101mja izm\u0113riem un izv\u0113l\u0113t\u0101 pild\u012bjuma veida.<\/span><\/p>\n<p><span style=\"font-family: 'times new roman', times, serif;font-size: 12pt\">Piem\u0113ram 1.5m augsti v\u0101rti ar ailes platumu 4m, pulverkr\u0101soti, pild\u012bti ar stiep\u013cu paneli, ar pilnu furnit\u016bras komplektu (cinkots profils, 2 gab. 8-ru\u013c\u013cu bloki, uztver\u0161anas k\u0101rba utt.) maks\u0101s 830 EUR (cena ar PVN). V\u0101rtu stabi, mont\u0101\u017ea un autom\u0101tika nav iek\u013cauta cen\u0101.<\/span><\/p>","protected":false},"excerpt":{"rendered":"<p>Izgatavosim b\u012bd\u0101mos v\u0101rtus p\u0113c J\u016bsu dotajiem izm\u0113riem un dizaina. P\u0113c J\u016bsu izv\u0113les v\u0101rti b\u016bs pild\u012bti ar sietu, stiep\u013cu paneli vai d\u0113\u013ciem, p\u0113c kr\u0101sas un vizu\u0101l\u0101s formas pieska\u0146ojot tos p\u0101r\u0113jai s\u0113tai.&hellip;<\/p>","protected":false},"featured_media":4911,"comment_status":"closed","ping_status":"closed","template":"","meta":[],"product_brand":[],"product_cat":[35],"product_tag":[],"class_list":{"0":"post-4839","1":"product","2":"type-product","3":"status-publish","4":"has-post-thumbnail","6":"product_cat-varti","8":"first","9":"instock","10":"shipping-taxable","11":"product-type-simple"},"aioseo_notices":[],"_links":{"self":[{"href":"https:\/\/marimetals.lv\/en\/wp-json\/wp\/v2\/product\/4839","targetHints":{"allow":["GET"]}}],"collection":[{"href":"https:\/\/marimetals.lv\/en\/wp-json\/wp\/v2\/product"}],"about":[{"href":"https:\/\/marimetals.lv\/en\/wp-json\/wp\/v2\/types\/product"}],"replies":[{"embeddable":true,"href":"https:\/\/marimetals.lv\/en\/wp-json\/wp\/v2\/comments?post=4839"}],"wp:featuredmedia":[{"embeddable":true,"href":"https:\/\/marimetals.lv\/en\/wp-json\/wp\/v2\/media\/4911"}],"wp:attachment":[{"href":"https:\/\/marimetals.lv\/en\/wp-json\/wp\/v2\/media?parent=4839"}],"wp:term":[{"taxonomy":"product_brand","embeddable":true,"href":"https:\/\/marimetals.lv\/en\/wp-json\/wp\/v2\/product_brand?post=4839"},{"taxonomy":"product_cat","embeddable":true,"href":"https:\/\/marimetals.lv\/en\/wp-json\/wp\/v2\/product_cat?post=4839"},{"taxonomy":"product_tag","embeddable":true,"href":"https:\/\/marimetals.lv\/en\/wp-json\/wp\/v2\/product_tag?post=4839"}],"curies":[{"name":"wp","href":"https:\/\/api.w.org\/{rel}","templated":true}]}}