{"id":4840,"date":"2025-01-31T12:02:24","date_gmt":"2025-01-31T12:02:24","guid":{"rendered":"https:\/\/marimetals.reinisp.id.lv\/?post_type=product&#038;p=4840"},"modified":"2025-01-31T12:05:05","modified_gmt":"2025-01-31T12:05:05","slug":"vienviru-varti","status":"publish","type":"product","link":"https:\/\/marimetals.lv\/en\/produkts\/vienviru-varti\/","title":{"rendered":"Vienviru v\u0101rti"},"content":{"rendered":"<p><span style=\"font-family: 'times new roman', times, serif;font-size: 12pt\">Izgatavosim veramos \u00a0v\u0101rtus p\u0113c J\u016bsu dotajiem izm\u0113riem un dizaina. P\u0113c J\u016bsu izv\u0113les v\u0101rti b\u016bs pild\u012bti ar sietu, stiep\u013cu paneli, met\u0101la vai koka d\u0113l\u012b\u0161iem, k\u0101 ar\u012b jebk\u0101du citu pild\u012bjumu, p\u0113c kr\u0101sas un vizu\u0101l\u0101s formas pieska\u0146ojot tos p\u0101r\u0113jai s\u0113tai.<\/span><\/p>\n<p><span style=\"font-family: 'times new roman', times, serif;font-size: 12pt\">V\u0101rtu izmaksas atkar\u012bgas no r\u0101mja izm\u0113riem un izv\u0113l\u0113t\u0101 pild\u012bjuma veida.<\/span><\/p>\n<p><span style=\"font-family: 'times new roman', times, serif;font-size: 12pt\">Piem\u0113ram 1.5m augsti v\u0101rti ar ailes platumu 1m, pulverkr\u0101soti, pild\u012bti ar stiep\u013cu paneli, ar regul\u0113jam\u0101m e\u0146\u0123\u0113m un kvalitat\u012bvu ksl\u0113dzeni met\u0101la korpus\u0101 , komplekt\u0101 ar 2 stabiem 60x60mm, maks\u0101s 290 EUR (cena ar PVN). Mont\u0101\u017ea nav iek\u013cauta cen\u0101.<\/span><\/p>","protected":false},"excerpt":{"rendered":"<p>Izgatavosim veramos \u00a0v\u0101rtus p\u0113c J\u016bsu dotajiem izm\u0113riem un dizaina. P\u0113c J\u016bsu izv\u0113les v\u0101rti b\u016bs pild\u012bti ar sietu, stiep\u013cu paneli, met\u0101la vai koka d\u0113l\u012b\u0161iem, k\u0101 ar\u012b jebk\u0101du citu pild\u012bjumu, p\u0113c kr\u0101sas&hellip;<\/p>","protected":false},"featured_media":4918,"comment_status":"closed","ping_status":"closed","template":"","meta":[],"product_brand":[],"product_cat":[35],"product_tag":[],"class_list":{"0":"post-4840","1":"product","2":"type-product","3":"status-publish","4":"has-post-thumbnail","6":"product_cat-varti","8":"first","9":"instock","10":"shipping-taxable","11":"product-type-simple"},"aioseo_notices":[],"_links":{"self":[{"href":"https:\/\/marimetals.lv\/en\/wp-json\/wp\/v2\/product\/4840","targetHints":{"allow":["GET"]}}],"collection":[{"href":"https:\/\/marimetals.lv\/en\/wp-json\/wp\/v2\/product"}],"about":[{"href":"https:\/\/marimetals.lv\/en\/wp-json\/wp\/v2\/types\/product"}],"replies":[{"embeddable":true,"href":"https:\/\/marimetals.lv\/en\/wp-json\/wp\/v2\/comments?post=4840"}],"wp:featuredmedia":[{"embeddable":true,"href":"https:\/\/marimetals.lv\/en\/wp-json\/wp\/v2\/media\/4918"}],"wp:attachment":[{"href":"https:\/\/marimetals.lv\/en\/wp-json\/wp\/v2\/media?parent=4840"}],"wp:term":[{"taxonomy":"product_brand","embeddable":true,"href":"https:\/\/marimetals.lv\/en\/wp-json\/wp\/v2\/product_brand?post=4840"},{"taxonomy":"product_cat","embeddable":true,"href":"https:\/\/marimetals.lv\/en\/wp-json\/wp\/v2\/product_cat?post=4840"},{"taxonomy":"product_tag","embeddable":true,"href":"https:\/\/marimetals.lv\/en\/wp-json\/wp\/v2\/product_tag?post=4840"}],"curies":[{"name":"wp","href":"https:\/\/api.w.org\/{rel}","templated":true}]}}