{"id":4852,"date":"2025-01-31T12:02:51","date_gmt":"2025-01-31T12:02:51","guid":{"rendered":"https:\/\/marimetals.reinisp.id.lv\/?post_type=product&#038;p=4852"},"modified":"2025-01-31T12:05:15","modified_gmt":"2025-01-31T12:05:15","slug":"garazu-varti","status":"publish","type":"product","link":"https:\/\/marimetals.lv\/en\/produkts\/garazu-varti\/","title":{"rendered":"Gar\u0101\u017eu v\u0101rti"},"content":{"rendered":"<p>Pace\u013camie sekcijveidu gar\u0101\u017eu v\u0101rti ir piem\u0113roti gan siltajam, gan aukstaj\u0101m auto novietn\u0113m. V\u0101rti ir izgatavoti no cinkota t\u0113rauda sendvi\u010da tipa sekcij\u0101m ar siltuma izol\u0101ciju. M\u016bsu pied\u0101v\u0101to gar\u0101\u017eu v\u0101rti atbilst EN13241-1:2003 starptautiskajam standartam. Gar\u0101\u017eu v\u0101rtu dizainam iesp\u0113jami da\u017e\u0101di risin\u0101jumi.<\/p>\n<p>Standarta pied\u0101v\u0101jum\u0101 ir tr\u012bs kr\u0101sas \u2013 balta, tum\u0161i br\u016bna un pel\u0113ka. Citi kr\u0101su to\u0146i pieejami p\u0113c pas\u016bt\u012bjuma.<\/p>\n<p>V\u0101rtus ir iesp\u0113jams apr\u012bkot ar autom\u0101tiku, kas atvieglos v\u0101rtu lieto\u0161anu ikdien\u0101. Inform\u0101ciju par gar\u0101\u017eu v\u0101rtu autom\u0101tiku varat atrast sada\u013c\u0101 V\u0101rtu autom\u0101tika\/Gar\u0101\u017eu v\u0101rtiem.<\/p>\n<p>Lai sagatavotu Jums pied\u0101v\u0101jumu v\u0101rtu izmaks\u0101m, mums nepiecie\u0161ams zin\u0101t sekojo\u0161us izm\u0113rus:<\/p>\n<p><img loading=\"lazy\" decoding=\"async\" class=\"wp-image-3826 size-full aligncenter\" src=\"http:\/\/marimetals.lv\/wp-content\/uploads\/2019\/04\/V\u0101rti-un-furnit\u016bra_gar\u0101\u017eu-v\u0101rti_bilde-pie-teksta-gar\u0101\u017eas-izm\u0113ri.png\" alt=\"\" width=\"768\" height=\"555\" \/><\/p>","protected":false},"excerpt":{"rendered":"<p>Pace\u013camie sekcijveidu gar\u0101\u017eu v\u0101rti ir piem\u0113roti gan siltajam, gan aukstaj\u0101m auto novietn\u0113m. V\u0101rti ir izgatavoti no cinkota t\u0113rauda sendvi\u010da tipa sekcij\u0101m ar siltuma izol\u0101ciju. M\u016bsu pied\u0101v\u0101to gar\u0101\u017eu v\u0101rti atbilst EN13241-1:2003&hellip;<\/p>","protected":false},"featured_media":4934,"comment_status":"closed","ping_status":"closed","template":"","meta":[],"product_brand":[],"product_cat":[35],"product_tag":[],"class_list":{"0":"post-4852","1":"product","2":"type-product","3":"status-publish","4":"has-post-thumbnail","6":"product_cat-varti","8":"first","9":"instock","10":"shipping-taxable","11":"product-type-simple"},"aioseo_notices":[],"_links":{"self":[{"href":"https:\/\/marimetals.lv\/en\/wp-json\/wp\/v2\/product\/4852","targetHints":{"allow":["GET"]}}],"collection":[{"href":"https:\/\/marimetals.lv\/en\/wp-json\/wp\/v2\/product"}],"about":[{"href":"https:\/\/marimetals.lv\/en\/wp-json\/wp\/v2\/types\/product"}],"replies":[{"embeddable":true,"href":"https:\/\/marimetals.lv\/en\/wp-json\/wp\/v2\/comments?post=4852"}],"wp:featuredmedia":[{"embeddable":true,"href":"https:\/\/marimetals.lv\/en\/wp-json\/wp\/v2\/media\/4934"}],"wp:attachment":[{"href":"https:\/\/marimetals.lv\/en\/wp-json\/wp\/v2\/media?parent=4852"}],"wp:term":[{"taxonomy":"product_brand","embeddable":true,"href":"https:\/\/marimetals.lv\/en\/wp-json\/wp\/v2\/product_brand?post=4852"},{"taxonomy":"product_cat","embeddable":true,"href":"https:\/\/marimetals.lv\/en\/wp-json\/wp\/v2\/product_cat?post=4852"},{"taxonomy":"product_tag","embeddable":true,"href":"https:\/\/marimetals.lv\/en\/wp-json\/wp\/v2\/product_tag?post=4852"}],"curies":[{"name":"wp","href":"https:\/\/api.w.org\/{rel}","templated":true}]}}