{"id":4856,"date":"2025-01-31T12:02:52","date_gmt":"2025-01-31T12:02:52","guid":{"rendered":"https:\/\/marimetals.reinisp.id.lv\/?post_type=product&#038;p=4856"},"modified":"2025-01-31T12:05:21","modified_gmt":"2025-01-31T12:05:21","slug":"life-supra-mb-230v-barjera-4m","status":"publish","type":"product","link":"https:\/\/marimetals.lv\/en\/produkts\/life-supra-mb-230v-barjera-4m\/","title":{"rendered":"LIFE SUPRA MB 230V barjera 4m"},"content":{"rendered":"<p>&#8216;- str\u0113les garums: l\u012bdz 4m<br \/>\n&#8211; motora spriegums: 230V<br \/>\n&#8211; kr\u0101sa: sarkana<br \/>\n&#8211; paredz\u0113t\u0101 darb\u012bbas intensit\u0101te: 35% (l\u012bdz 400 cikliem dien\u0101)<br \/>\n&#8211; atv\u0113r\u0161an\u0101s laiks; 4 sekundes<br \/>\n&#8211; optim\u0101l\u0101 darba vides temperat\u016bra: no -20\u00b0C l\u012bdz + 70 \u00b0C<\/p>\n<p>Barjera paredz\u0113ta nelielu st\u0101vlaukumu apr\u012bko\u0161anai vai priv\u0101to teritoriju iebrauktuves ierobe\u017eo\u0161anai \u2013 viet\u0101s, kur nepiecie\u0161ams ne p\u0101r\u0101k d\u0101rgs, bet dro\u0161s risin\u0101jums kust\u012bbas regul\u0113\u0161anai.<br \/>\nBarjeras cena <strong>700 EUR ar PVN<\/strong>\/ pilns komplekts.<br \/>\nKomplekt\u0101 ietilpst barjera SUPRA MB230, SPL sign\u0101llampa ar kron\u0161teinu, atspere, str\u0113le 4M, uzl\u012bmes str\u0113lei un viena FIDO2 t\u0101lvad\u012bbas pults. Cen\u0101 nav iek\u013cauta mont\u0101\u017ea.<\/p>\n<p><img loading=\"lazy\" decoding=\"async\" class=\"aligncenter wp-image-3876 size-large\" src=\"http:\/\/marimetals.lv\/wp-content\/uploads\/2019\/04\/V\u0101rtu-autom\u0101tika_Barjeras-domofoni_LIFE-SUPRA-MB-230-bilde-pie-teksta-1024x579.jpg\" alt=\"\" width=\"840\" height=\"475\" \/><\/p>","protected":false},"excerpt":{"rendered":"<p>&#8216;- str\u0113les garums: l\u012bdz 4m &#8211; motora spriegums: 230V &#8211; kr\u0101sa: sarkana &#8211; paredz\u0113t\u0101 darb\u012bbas intensit\u0101te: 35% (l\u012bdz 400 cikliem dien\u0101) &#8211; atv\u0113r\u0161an\u0101s laiks; 4 sekundes &#8211; optim\u0101l\u0101 darba vides&hellip;<\/p>","protected":false},"featured_media":4938,"comment_status":"closed","ping_status":"closed","template":"","meta":[],"product_brand":[],"product_cat":[37],"product_tag":[],"class_list":{"0":"post-4856","1":"product","2":"type-product","3":"status-publish","4":"has-post-thumbnail","6":"product_cat-barjeras-domofoni","8":"first","9":"instock","10":"shipping-taxable","11":"product-type-simple"},"aioseo_notices":[],"_links":{"self":[{"href":"https:\/\/marimetals.lv\/en\/wp-json\/wp\/v2\/product\/4856","targetHints":{"allow":["GET"]}}],"collection":[{"href":"https:\/\/marimetals.lv\/en\/wp-json\/wp\/v2\/product"}],"about":[{"href":"https:\/\/marimetals.lv\/en\/wp-json\/wp\/v2\/types\/product"}],"replies":[{"embeddable":true,"href":"https:\/\/marimetals.lv\/en\/wp-json\/wp\/v2\/comments?post=4856"}],"wp:featuredmedia":[{"embeddable":true,"href":"https:\/\/marimetals.lv\/en\/wp-json\/wp\/v2\/media\/4938"}],"wp:attachment":[{"href":"https:\/\/marimetals.lv\/en\/wp-json\/wp\/v2\/media?parent=4856"}],"wp:term":[{"taxonomy":"product_brand","embeddable":true,"href":"https:\/\/marimetals.lv\/en\/wp-json\/wp\/v2\/product_brand?post=4856"},{"taxonomy":"product_cat","embeddable":true,"href":"https:\/\/marimetals.lv\/en\/wp-json\/wp\/v2\/product_cat?post=4856"},{"taxonomy":"product_tag","embeddable":true,"href":"https:\/\/marimetals.lv\/en\/wp-json\/wp\/v2\/product_tag?post=4856"}],"curies":[{"name":"wp","href":"https:\/\/api.w.org\/{rel}","templated":true}]}}