{"id":4875,"date":"2025-01-31T12:03:22","date_gmt":"2025-01-31T12:03:22","guid":{"rendered":"https:\/\/marimetals.reinisp.id.lv\/?post_type=product&#038;p=4875"},"modified":"2025-01-31T12:05:27","modified_gmt":"2025-01-31T12:05:27","slug":"engu-komplekts-mazajiem-vartiniem-150mm-16-00-eur-kompl-komplekta-2-gab","status":"publish","type":"product","link":"https:\/\/marimetals.lv\/en\/produkts\/engu-komplekts-mazajiem-vartiniem-150mm-16-00-eur-kompl-komplekta-2-gab\/","title":{"rendered":"E\u0146\u0123u komplekts mazajiem v\u0101rti\u0146iem 150mm \u2013 16.00 EUR\/kompl.  (komplekt\u0101 2 gab.)"},"content":{"rendered":"<p>!<\/p>","protected":false},"excerpt":{"rendered":"<p>!<\/p>","protected":false},"featured_media":4942,"comment_status":"closed","ping_status":"closed","template":"","meta":[],"product_brand":[],"product_cat":[39],"product_tag":[],"class_list":{"0":"post-4875","1":"product","2":"type-product","3":"status-publish","4":"has-post-thumbnail","6":"product_cat-enges","8":"first","9":"instock","10":"shipping-taxable","11":"product-type-simple"},"aioseo_notices":[],"_links":{"self":[{"href":"https:\/\/marimetals.lv\/en\/wp-json\/wp\/v2\/product\/4875","targetHints":{"allow":["GET"]}}],"collection":[{"href":"https:\/\/marimetals.lv\/en\/wp-json\/wp\/v2\/product"}],"about":[{"href":"https:\/\/marimetals.lv\/en\/wp-json\/wp\/v2\/types\/product"}],"replies":[{"embeddable":true,"href":"https:\/\/marimetals.lv\/en\/wp-json\/wp\/v2\/comments?post=4875"}],"wp:featuredmedia":[{"embeddable":true,"href":"https:\/\/marimetals.lv\/en\/wp-json\/wp\/v2\/media\/4942"}],"wp:attachment":[{"href":"https:\/\/marimetals.lv\/en\/wp-json\/wp\/v2\/media?parent=4875"}],"wp:term":[{"taxonomy":"product_brand","embeddable":true,"href":"https:\/\/marimetals.lv\/en\/wp-json\/wp\/v2\/product_brand?post=4875"},{"taxonomy":"product_cat","embeddable":true,"href":"https:\/\/marimetals.lv\/en\/wp-json\/wp\/v2\/product_cat?post=4875"},{"taxonomy":"product_tag","embeddable":true,"href":"https:\/\/marimetals.lv\/en\/wp-json\/wp\/v2\/product_tag?post=4875"}],"curies":[{"name":"wp","href":"https:\/\/api.w.org\/{rel}","templated":true}]}}