{"id":4879,"date":"2025-01-31T12:03:23","date_gmt":"2025-01-31T12:03:23","guid":{"rendered":"https:\/\/marimetals.reinisp.id.lv\/?post_type=product&#038;p=4879"},"modified":"2025-01-31T12:05:34","modified_gmt":"2025-01-31T12:05:34","slug":"bpt-b-red-audio-domofona-komplekts","status":"publish","type":"product","link":"https:\/\/marimetals.lv\/en\/produkts\/bpt-b-red-audio-domofona-komplekts\/","title":{"rendered":"BPT B-RED AUDIO domofona komplekts"},"content":{"rendered":"<p><strong>\u00a0<\/strong><strong>BPT<\/strong>\u00a0ir It\u0101\u013cu komp\u0101nija ar ilggad\u0113ju pieredzi namru\u0146u un sakaru ier\u012b\u010du ra\u017eo\u0161an\u0101.<\/p>\n<p>Komplekt\u0101: Ieejas panelis, klausule un baro\u0161anas bloks.<br \/>\nPanelis ar IP55 aizsardz\u012bbu un aizsargjumti\u0146u aizsardz\u012bbai pret sauli un nokri\u0161\u0146iem.<br \/>\nSavieno\u0161ana ar divu dz\u012bslu kabeli.<br \/>\nParedz elektrospr\u016bda piesl\u0113g\u0161anu.<\/p>\n<p>CENA: <strong>80 EUR ar PVN<\/strong><\/p>\n<p>Mont\u0101\u017ea nav iek\u013cauta cen\u0101.<\/p>","protected":false},"excerpt":{"rendered":"<p>\u00a0BPT\u00a0ir It\u0101\u013cu komp\u0101nija ar ilggad\u0113ju pieredzi namru\u0146u un sakaru ier\u012b\u010du ra\u017eo\u0161an\u0101. Komplekt\u0101: Ieejas panelis, klausule un baro\u0161anas bloks. Panelis ar IP55 aizsardz\u012bbu un aizsargjumti\u0146u aizsardz\u012bbai pret sauli un nokri\u0161\u0146iem. Savieno\u0161ana&hellip;<\/p>","protected":false},"featured_media":4945,"comment_status":"closed","ping_status":"closed","template":"","meta":[],"product_brand":[],"product_cat":[37],"product_tag":[],"class_list":{"0":"post-4879","1":"product","2":"type-product","3":"status-publish","4":"has-post-thumbnail","6":"product_cat-barjeras-domofoni","8":"first","9":"instock","10":"shipping-taxable","11":"product-type-simple"},"aioseo_notices":[],"_links":{"self":[{"href":"https:\/\/marimetals.lv\/en\/wp-json\/wp\/v2\/product\/4879","targetHints":{"allow":["GET"]}}],"collection":[{"href":"https:\/\/marimetals.lv\/en\/wp-json\/wp\/v2\/product"}],"about":[{"href":"https:\/\/marimetals.lv\/en\/wp-json\/wp\/v2\/types\/product"}],"replies":[{"embeddable":true,"href":"https:\/\/marimetals.lv\/en\/wp-json\/wp\/v2\/comments?post=4879"}],"wp:featuredmedia":[{"embeddable":true,"href":"https:\/\/marimetals.lv\/en\/wp-json\/wp\/v2\/media\/4945"}],"wp:attachment":[{"href":"https:\/\/marimetals.lv\/en\/wp-json\/wp\/v2\/media?parent=4879"}],"wp:term":[{"taxonomy":"product_brand","embeddable":true,"href":"https:\/\/marimetals.lv\/en\/wp-json\/wp\/v2\/product_brand?post=4879"},{"taxonomy":"product_cat","embeddable":true,"href":"https:\/\/marimetals.lv\/en\/wp-json\/wp\/v2\/product_cat?post=4879"},{"taxonomy":"product_tag","embeddable":true,"href":"https:\/\/marimetals.lv\/en\/wp-json\/wp\/v2\/product_tag?post=4879"}],"curies":[{"name":"wp","href":"https:\/\/api.w.org\/{rel}","templated":true}]}}