{"id":4886,"date":"2025-01-31T12:03:43","date_gmt":"2025-01-31T12:03:43","guid":{"rendered":"https:\/\/marimetals.reinisp.id.lv\/?post_type=product&#038;p=4886"},"modified":"2025-01-31T12:05:37","modified_gmt":"2025-01-31T12:05:37","slug":"bpt-b-red-video-domofona-komplekts","status":"publish","type":"product","link":"https:\/\/marimetals.lv\/en\/produkts\/bpt-b-red-video-domofona-komplekts\/","title":{"rendered":"BPT B-RED VIDEO domofona komplekts"},"content":{"rendered":"<p><strong>BPT<\/strong>\u00a0ir It\u0101\u013cu komp\u0101nija ar ilggad\u0113ju pieredzi namru\u0146u un sakaru ier\u012b\u010du ra\u017eo\u0161an\u0101.<\/p>\n<p><strong>BPT B-RED VIDEO <\/strong>komplekt\u0101 ietilpst \u0101r\u0113jais panelis, video uztv\u0113r\u0113js, baro\u0161anas bloks un lietus aizsargjumti\u0146\u0161 \u2013 viss nepiecie\u0161amais, lai \u0161\u012b sist\u0113ma str\u0101d\u0101tu.<\/p>\n<p>Namrunim ir iesp\u0113ja piesl\u0113gt papildus ekr\u0101nus l\u012bdz 4. gab. (piem\u0113ram 2 l\u012bdz\u00a0 4 dz\u012bvok\u013cu m\u0101j\u0101).<\/p>\n<p>Preces apraksts:<\/p>\n<p>&#8211; \u0100r\u0113jais panelis ar vienu zvanu pogu, kam ieb\u016bv\u0113ts zils LED.<br \/>\n&#8211; CCD kamera ar 480 l\u012bniju un LED nakts redzam\u012bbai;<br \/>\n&#8211; Aizsargjumti\u0146\u0161 aizsardz\u012bbai pret sauli un lietu;<br \/>\n&#8211; Fiks\u0113ta fokusa objekt\u012bvs;<br \/>\n&#8211; Sien\u0101 iemont\u0113ts br\u012bvroku video uztv\u0113r\u0113js, kas apr\u012bkots ar 3,5 &#8220;&#8221; kr\u0101su displeju.<br \/>\n&#8211; Pogu funkcijas: sazi\u0146as aktiviz\u0113\u0161ana, elektrisk\u0101 durvju atv\u0113r\u0161ana, kameras aktiviz\u0113\u0161ana.<br \/>\n&#8211; Piel\u0101gojama ska\u0146a, spilgtums un kontrasts.<\/p>\n<p>CENA<strong>:<\/strong> <strong>160.00 EUR ar PVN<\/strong><\/p>\n<p>Mont\u0101\u017ea nav iek\u013cauta cen\u0101.<\/p>","protected":false},"excerpt":{"rendered":"<p>BPT\u00a0ir It\u0101\u013cu komp\u0101nija ar ilggad\u0113ju pieredzi namru\u0146u un sakaru ier\u012b\u010du ra\u017eo\u0161an\u0101. BPT B-RED VIDEO komplekt\u0101 ietilpst \u0101r\u0113jais panelis, video uztv\u0113r\u0113js, baro\u0161anas bloks un lietus aizsargjumti\u0146\u0161 \u2013 viss nepiecie\u0161amais, lai \u0161\u012b&hellip;<\/p>","protected":false},"featured_media":4947,"comment_status":"closed","ping_status":"closed","template":"","meta":[],"product_brand":[],"product_cat":[37],"product_tag":[],"class_list":{"0":"post-4886","1":"product","2":"type-product","3":"status-publish","4":"has-post-thumbnail","6":"product_cat-barjeras-domofoni","8":"first","9":"instock","10":"shipping-taxable","11":"product-type-simple"},"aioseo_notices":[],"_links":{"self":[{"href":"https:\/\/marimetals.lv\/en\/wp-json\/wp\/v2\/product\/4886","targetHints":{"allow":["GET"]}}],"collection":[{"href":"https:\/\/marimetals.lv\/en\/wp-json\/wp\/v2\/product"}],"about":[{"href":"https:\/\/marimetals.lv\/en\/wp-json\/wp\/v2\/types\/product"}],"replies":[{"embeddable":true,"href":"https:\/\/marimetals.lv\/en\/wp-json\/wp\/v2\/comments?post=4886"}],"wp:featuredmedia":[{"embeddable":true,"href":"https:\/\/marimetals.lv\/en\/wp-json\/wp\/v2\/media\/4947"}],"wp:attachment":[{"href":"https:\/\/marimetals.lv\/en\/wp-json\/wp\/v2\/media?parent=4886"}],"wp:term":[{"taxonomy":"product_brand","embeddable":true,"href":"https:\/\/marimetals.lv\/en\/wp-json\/wp\/v2\/product_brand?post=4886"},{"taxonomy":"product_cat","embeddable":true,"href":"https:\/\/marimetals.lv\/en\/wp-json\/wp\/v2\/product_cat?post=4886"},{"taxonomy":"product_tag","embeddable":true,"href":"https:\/\/marimetals.lv\/en\/wp-json\/wp\/v2\/product_tag?post=4886"}],"curies":[{"name":"wp","href":"https:\/\/api.w.org\/{rel}","templated":true}]}}